{"id":399,"date":"2024-04-09T09:02:39","date_gmt":"2024-04-09T09:02:39","guid":{"rendered":"https:\/\/www.totalproject.site\/?page_id=399"},"modified":"2024-06-12T06:28:06","modified_gmt":"2024-06-12T06:28:06","slug":"eu-next-generation","status":"publish","type":"page","link":"https:\/\/www.totalproject.site\/es\/eu-next-generation\/","title":{"rendered":"EU NEXT GENERATION"},"content":{"rendered":"<div data-elementor-type=\"wp-page\" data-elementor-id=\"399\" class=\"elementor elementor-399\" data-elementor-post-type=\"page\">\n\t\t\t\t<div class=\"elementor-element elementor-element-8c02b54 e-flex e-con-boxed e-con e-parent\" data-id=\"8c02b54\" data-element_type=\"container\" data-core-v316-plus=\"true\">\n\t\t\t\t\t<div class=\"e-con-inner\">\n\t\t<div class=\"elementor-element elementor-element-2039d5a e-flex e-con-boxed e-con e-child\" data-id=\"2039d5a\" data-element_type=\"container\">\n\t\t\t\t\t<div class=\"e-con-inner\">\n\t\t\t\t<div class=\"elementor-element elementor-element-304b94d elementor-widget elementor-widget-heading\" data-id=\"304b94d\" data-element_type=\"widget\" data-widget_type=\"heading.default\">\n\t\t\t\t<div class=\"elementor-widget-container\">\n\t\t\t<style>\/*! elementor - v3.20.0 - 26-03-2024 *\/\n.elementor-heading-title{padding:0;margin:0;line-height:1}.elementor-widget-heading .elementor-heading-title[class*=elementor-size-]>a{color:inherit;font-size:inherit;line-height:inherit}.elementor-widget-heading .elementor-heading-title.elementor-size-small{font-size:15px}.elementor-widget-heading .elementor-heading-title.elementor-size-medium{font-size:19px}.elementor-widget-heading .elementor-heading-title.elementor-size-large{font-size:29px}.elementor-widget-heading .elementor-heading-title.elementor-size-xl{font-size:39px}.elementor-widget-heading .elementor-heading-title.elementor-size-xxl{font-size:59px}<\/style><h2 class=\"elementor-heading-title elementor-size-default\">Financiado por la Uni\u00f3n Europea - NextGenerationEU<\/h2>\t\t<\/div>\n\t\t\t\t<\/div>\n\t\t\t\t<div class=\"elementor-element elementor-element-fd2f354 elementor-widget elementor-widget-text-editor\" data-id=\"fd2f354\" data-element_type=\"widget\" data-widget_type=\"text-editor.default\">\n\t\t\t\t<div class=\"elementor-widget-container\">\n\t\t\t<style>\/*! elementor - v3.20.0 - 26-03-2024 *\/\n.elementor-widget-text-editor.elementor-drop-cap-view-stacked .elementor-drop-cap{background-color:#69727d;color:#fff}.elementor-widget-text-editor.elementor-drop-cap-view-framed .elementor-drop-cap{color:#69727d;border:3px solid;background-color:transparent}.elementor-widget-text-editor:not(.elementor-drop-cap-view-default) .elementor-drop-cap{margin-top:8px}.elementor-widget-text-editor:not(.elementor-drop-cap-view-default) .elementor-drop-cap-letter{width:1em;height:1em}.elementor-widget-text-editor .elementor-drop-cap{float:left;text-align:center;line-height:1;font-size:50px}.elementor-widget-text-editor .elementor-drop-cap-letter{display:inline-block}<\/style>\t\t\t\t<p>Dise\u00f1o Web financiado por la Uni\u00f3n Europea &#8211; NextGenerationEU en el marco del Plan de Recuperaci\u00f3n, Transformaci\u00f3n y Resiliencia.<\/p><p><strong>Kit Digital es una iniciativa del Gobierno de Espa\u00f1a<\/strong>, cuyo objetivo es subvencionar la implantaci\u00f3n de soluciones digitales disponibles en el mercado para conseguir un avance significativo en el nivel de madurez digital.<\/p><p><strong>\u00bfA quien va dirigido?<\/strong> <br \/>Las soluciones digitales que proporciona el Kit Digital est\u00e1n orientadas a las necesidades de las peque\u00f1as empresas, microempresas y trabajadores aut\u00f3nomos, que pertenecen a cualquier sector o tipolog\u00eda de negocio.<\/p>\t\t\t\t\t\t<\/div>\n\t\t\t\t<\/div>\n\t\t\t\t\t<\/div>\n\t\t\t\t<\/div>\n\t\t\t\t\t<\/div>\n\t\t\t\t<\/div>\n\t\t\t\t<\/div>","protected":false},"excerpt":{"rendered":"<p>Financiado por la Uni\u00f3n Europea &#8211; NextGenerationEU Dise\u00f1o Web financiado por la Uni\u00f3n Europea &#8211; NextGenerationEU en el marco del Plan de Recuperaci\u00f3n, Transformaci\u00f3n y Resiliencia. Kit Digital es una iniciativa del Gobierno de Espa\u00f1a, cuyo objetivo es subvencionar la implantaci\u00f3n de soluciones digitales disponibles en el mercado para conseguir un avance significativo en el [&hellip;]<\/p>","protected":false},"author":1,"featured_media":0,"parent":0,"menu_order":0,"comment_status":"closed","ping_status":"closed","template":"elementor_header_footer","meta":{"footnotes":""},"class_list":["post-399","page","type-page","status-publish","hentry"],"yoast_head":"<!-- This site is optimized with the Yoast SEO plugin v22.8 - https:\/\/yoast.com\/wordpress\/plugins\/seo\/ -->\n<title>EU NEXT GENERATION - Total Project<\/title>\n<meta name=\"description\" content=\"EU Next Generation by Total Project supports digital transformation for small businesses through the EU-funded Kit Digital.\" \/>\n<meta name=\"robots\" content=\"index, follow, max-snippet:-1, max-image-preview:large, max-video-preview:-1\" \/>\n<link rel=\"canonical\" href=\"https:\/\/www.totalproject.site\/es\/eu-next-generation\/\" \/>\n<meta property=\"og:locale\" content=\"es_ES\" \/>\n<meta property=\"og:type\" content=\"article\" \/>\n<meta property=\"og:title\" content=\"EU NEXT GENERATION - Total Project\" \/>\n<meta property=\"og:description\" content=\"EU Next Generation by Total Project supports digital transformation for small businesses through the EU-funded Kit Digital.\" \/>\n<meta property=\"og:url\" content=\"https:\/\/www.totalproject.site\/es\/eu-next-generation\/\" \/>\n<meta property=\"og:site_name\" content=\"Total Project\" \/>\n<meta property=\"article:modified_time\" content=\"2024-06-12T06:28:06+00:00\" \/>\n<meta name=\"twitter:card\" content=\"summary_large_image\" \/>\n<meta name=\"twitter:label1\" content=\"Tiempo de lectura\" \/>\n\t<meta name=\"twitter:data1\" content=\"1 minuto\" \/>\n<script type=\"application\/ld+json\" class=\"yoast-schema-graph\">{\"@context\":\"https:\/\/schema.org\",\"@graph\":[{\"@type\":\"WebPage\",\"@id\":\"https:\/\/www.totalproject.site\/eu-next-generation\/\",\"url\":\"https:\/\/www.totalproject.site\/eu-next-generation\/\",\"name\":\"EU NEXT GENERATION - Total Project\",\"isPartOf\":{\"@id\":\"https:\/\/www.totalproject.site\/#website\"},\"datePublished\":\"2024-04-09T09:02:39+00:00\",\"dateModified\":\"2024-06-12T06:28:06+00:00\",\"description\":\"EU Next Generation by Total Project supports digital transformation for small businesses through the EU-funded Kit Digital.\",\"breadcrumb\":{\"@id\":\"https:\/\/www.totalproject.site\/eu-next-generation\/#breadcrumb\"},\"inLanguage\":\"es\",\"potentialAction\":[{\"@type\":\"ReadAction\",\"target\":[\"https:\/\/www.totalproject.site\/eu-next-generation\/\"]}]},{\"@type\":\"BreadcrumbList\",\"@id\":\"https:\/\/www.totalproject.site\/eu-next-generation\/#breadcrumb\",\"itemListElement\":[{\"@type\":\"ListItem\",\"position\":1,\"name\":\"Portada\",\"item\":\"https:\/\/www.totalproject.site\/\"},{\"@type\":\"ListItem\",\"position\":2,\"name\":\"EU NEXT GENERATION\"}]},{\"@type\":\"WebSite\",\"@id\":\"https:\/\/www.totalproject.site\/#website\",\"url\":\"https:\/\/www.totalproject.site\/\",\"name\":\"Total Project\",\"description\":\"\",\"publisher\":{\"@id\":\"https:\/\/www.totalproject.site\/#organization\"},\"potentialAction\":[{\"@type\":\"SearchAction\",\"target\":{\"@type\":\"EntryPoint\",\"urlTemplate\":\"https:\/\/www.totalproject.site\/?s={search_term_string}\"},\"query-input\":\"required name=search_term_string\"}],\"inLanguage\":\"es\"},{\"@type\":\"Organization\",\"@id\":\"https:\/\/www.totalproject.site\/#organization\",\"name\":\"Total Project\",\"url\":\"https:\/\/www.totalproject.site\/\",\"logo\":{\"@type\":\"ImageObject\",\"inLanguage\":\"es\",\"@id\":\"https:\/\/www.totalproject.site\/#\/schema\/logo\/image\/\",\"url\":\"https:\/\/www.totalproject.site\/wp-content\/uploads\/2024\/04\/totalproject_cabecera_color.png\",\"contentUrl\":\"https:\/\/www.totalproject.site\/wp-content\/uploads\/2024\/04\/totalproject_cabecera_color.png\",\"width\":340,\"height\":156,\"caption\":\"Total Project\"},\"image\":{\"@id\":\"https:\/\/www.totalproject.site\/#\/schema\/logo\/image\/\"}}]}<\/script>\n<!-- \/ Yoast SEO plugin. -->","yoast_head_json":{"title":"EU NEXT GENERATION - Total Project","description":"EU Next Generation by Total Project supports digital transformation for small businesses through the EU-funded Kit Digital.","robots":{"index":"index","follow":"follow","max-snippet":"max-snippet:-1","max-image-preview":"max-image-preview:large","max-video-preview":"max-video-preview:-1"},"canonical":"https:\/\/www.totalproject.site\/es\/eu-next-generation\/","og_locale":"es_ES","og_type":"article","og_title":"EU NEXT GENERATION - Total Project","og_description":"EU Next Generation by Total Project supports digital transformation for small businesses through the EU-funded Kit Digital.","og_url":"https:\/\/www.totalproject.site\/es\/eu-next-generation\/","og_site_name":"Total Project","article_modified_time":"2024-06-12T06:28:06+00:00","twitter_card":"summary_large_image","twitter_misc":{"Tiempo de lectura":"1 minuto"},"schema":{"@context":"https:\/\/schema.org","@graph":[{"@type":"WebPage","@id":"https:\/\/www.totalproject.site\/eu-next-generation\/","url":"https:\/\/www.totalproject.site\/eu-next-generation\/","name":"EU NEXT GENERATION - Total Project","isPartOf":{"@id":"https:\/\/www.totalproject.site\/#website"},"datePublished":"2024-04-09T09:02:39+00:00","dateModified":"2024-06-12T06:28:06+00:00","description":"EU Next Generation by Total Project supports digital transformation for small businesses through the EU-funded Kit Digital.","breadcrumb":{"@id":"https:\/\/www.totalproject.site\/eu-next-generation\/#breadcrumb"},"inLanguage":"es","potentialAction":[{"@type":"ReadAction","target":["https:\/\/www.totalproject.site\/eu-next-generation\/"]}]},{"@type":"BreadcrumbList","@id":"https:\/\/www.totalproject.site\/eu-next-generation\/#breadcrumb","itemListElement":[{"@type":"ListItem","position":1,"name":"Portada","item":"https:\/\/www.totalproject.site\/"},{"@type":"ListItem","position":2,"name":"EU NEXT GENERATION"}]},{"@type":"WebSite","@id":"https:\/\/www.totalproject.site\/#website","url":"https:\/\/www.totalproject.site\/","name":"Total Project","description":"","publisher":{"@id":"https:\/\/www.totalproject.site\/#organization"},"potentialAction":[{"@type":"SearchAction","target":{"@type":"EntryPoint","urlTemplate":"https:\/\/www.totalproject.site\/?s={search_term_string}"},"query-input":"required name=search_term_string"}],"inLanguage":"es"},{"@type":"Organization","@id":"https:\/\/www.totalproject.site\/#organization","name":"Total Project","url":"https:\/\/www.totalproject.site\/","logo":{"@type":"ImageObject","inLanguage":"es","@id":"https:\/\/www.totalproject.site\/#\/schema\/logo\/image\/","url":"https:\/\/www.totalproject.site\/wp-content\/uploads\/2024\/04\/totalproject_cabecera_color.png","contentUrl":"https:\/\/www.totalproject.site\/wp-content\/uploads\/2024\/04\/totalproject_cabecera_color.png","width":340,"height":156,"caption":"Total Project"},"image":{"@id":"https:\/\/www.totalproject.site\/#\/schema\/logo\/image\/"}}]}},"_links":{"self":[{"href":"https:\/\/www.totalproject.site\/es\/wp-json\/wp\/v2\/pages\/399","targetHints":{"allow":["GET"]}}],"collection":[{"href":"https:\/\/www.totalproject.site\/es\/wp-json\/wp\/v2\/pages"}],"about":[{"href":"https:\/\/www.totalproject.site\/es\/wp-json\/wp\/v2\/types\/page"}],"author":[{"embeddable":true,"href":"https:\/\/www.totalproject.site\/es\/wp-json\/wp\/v2\/users\/1"}],"replies":[{"embeddable":true,"href":"https:\/\/www.totalproject.site\/es\/wp-json\/wp\/v2\/comments?post=399"}],"version-history":[{"count":7,"href":"https:\/\/www.totalproject.site\/es\/wp-json\/wp\/v2\/pages\/399\/revisions"}],"predecessor-version":[{"id":551,"href":"https:\/\/www.totalproject.site\/es\/wp-json\/wp\/v2\/pages\/399\/revisions\/551"}],"wp:attachment":[{"href":"https:\/\/www.totalproject.site\/es\/wp-json\/wp\/v2\/media?parent=399"}],"curies":[{"name":"wp","href":"https:\/\/api.w.org\/{rel}","templated":true}]}}