{"id":335,"date":"2024-04-02T10:50:02","date_gmt":"2024-04-02T10:50:02","guid":{"rendered":"https:\/\/www.totalproject.site\/?page_id=335"},"modified":"2024-06-11T07:26:51","modified_gmt":"2024-06-11T07:26:51","slug":"special-services","status":"publish","type":"page","link":"https:\/\/www.totalproject.site\/es\/special-services\/","title":{"rendered":"Servicios Especiales"},"content":{"rendered":"<div data-elementor-type=\"wp-page\" data-elementor-id=\"335\" class=\"elementor elementor-335\" data-elementor-post-type=\"page\">\n\t\t\t\t<div class=\"elementor-element elementor-element-5adc92b e-con-full e-flex e-con e-parent\" data-id=\"5adc92b\" data-element_type=\"container\" data-settings=\"{&quot;background_background&quot;:&quot;classic&quot;}\" data-core-v316-plus=\"true\">\n\t\t<div class=\"elementor-element elementor-element-c27d737 e-con-full e-flex e-con e-child\" data-id=\"c27d737\" data-element_type=\"container\" data-settings=\"{&quot;background_background&quot;:&quot;classic&quot;}\">\n\t\t<div class=\"elementor-element elementor-element-e3d558f e-con-full e-flex e-con e-child\" data-id=\"e3d558f\" data-element_type=\"container\" data-settings=\"{&quot;position&quot;:&quot;absolute&quot;}\">\n\t\t\t\t<div class=\"elementor-element elementor-element-84cd48d elementor-widget elementor-widget-text-editor\" data-id=\"84cd48d\" data-element_type=\"widget\" data-widget_type=\"text-editor.default\">\n\t\t\t\t<div class=\"elementor-widget-container\">\n\t\t\t<style>\/*! elementor - v3.20.0 - 26-03-2024 *\/\n.elementor-widget-text-editor.elementor-drop-cap-view-stacked .elementor-drop-cap{background-color:#69727d;color:#fff}.elementor-widget-text-editor.elementor-drop-cap-view-framed .elementor-drop-cap{color:#69727d;border:3px solid;background-color:transparent}.elementor-widget-text-editor:not(.elementor-drop-cap-view-default) .elementor-drop-cap{margin-top:8px}.elementor-widget-text-editor:not(.elementor-drop-cap-view-default) .elementor-drop-cap-letter{width:1em;height:1em}.elementor-widget-text-editor .elementor-drop-cap{float:left;text-align:center;line-height:1;font-size:50px}.elementor-widget-text-editor .elementor-drop-cap-letter{display:inline-block}<\/style>\t\t\t\t<p>Si sus necesidades no son convencionales, \u00a1nuestros servicios tampoco pueden serlo!<\/p>\t\t\t\t\t\t<\/div>\n\t\t\t\t<\/div>\n\t\t\t\t<\/div>\n\t\t\t\t<\/div>\n\t\t<div class=\"elementor-element elementor-element-94ceb63 e-flex e-con-boxed e-con e-child\" data-id=\"94ceb63\" data-element_type=\"container\" data-settings=\"{&quot;background_background&quot;:&quot;classic&quot;}\">\n\t\t\t\t\t<div class=\"e-con-inner\">\n\t\t<div class=\"elementor-element elementor-element-fd4b8fd e-con-full e-flex e-con e-child\" data-id=\"fd4b8fd\" data-element_type=\"container\">\n\t\t\t\t<div class=\"elementor-element elementor-element-02ae82d elementor-widget elementor-widget-image\" data-id=\"02ae82d\" data-element_type=\"widget\" data-widget_type=\"image.default\">\n\t\t\t\t<div class=\"elementor-widget-container\">\n\t\t\t<style>\/*! elementor - v3.20.0 - 26-03-2024 *\/\n.elementor-widget-image{text-align:center}.elementor-widget-image a{display:inline-block}.elementor-widget-image a img[src$=\".svg\"]{width:48px}.elementor-widget-image img{vertical-align:middle;display:inline-block}<\/style>\t\t\t\t\t\t\t\t\t\t<img fetchpriority=\"high\" decoding=\"async\" width=\"800\" height=\"800\" src=\"https:\/\/www.totalproject.site\/wp-content\/uploads\/2024\/04\/mundoblancoiconos3.png\" class=\"attachment-large size-large wp-image-122\" alt=\"logistics solutions\" srcset=\"https:\/\/www.totalproject.site\/wp-content\/uploads\/2024\/04\/mundoblancoiconos3.png 800w, https:\/\/www.totalproject.site\/wp-content\/uploads\/2024\/04\/mundoblancoiconos3-300x300.png 300w, https:\/\/www.totalproject.site\/wp-content\/uploads\/2024\/04\/mundoblancoiconos3-150x150.png 150w, https:\/\/www.totalproject.site\/wp-content\/uploads\/2024\/04\/mundoblancoiconos3-768x768.png 768w\" sizes=\"(max-width: 800px) 100vw, 800px\" \/>\t\t\t\t\t\t\t\t\t\t\t\t\t<\/div>\n\t\t\t\t<\/div>\n\t\t\t\t<\/div>\n\t\t<div class=\"elementor-element elementor-element-1fceabc e-con-full e-flex e-con e-child\" data-id=\"1fceabc\" data-element_type=\"container\">\n\t\t\t\t<div class=\"elementor-element elementor-element-327b0c5 elementor-widget elementor-widget-heading\" data-id=\"327b0c5\" data-element_type=\"widget\" data-widget_type=\"heading.default\">\n\t\t\t\t<div class=\"elementor-widget-container\">\n\t\t\t<style>\/*! elementor - v3.20.0 - 26-03-2024 *\/\n.elementor-heading-title{padding:0;margin:0;line-height:1}.elementor-widget-heading .elementor-heading-title[class*=elementor-size-]>a{color:inherit;font-size:inherit;line-height:inherit}.elementor-widget-heading .elementor-heading-title.elementor-size-small{font-size:15px}.elementor-widget-heading .elementor-heading-title.elementor-size-medium{font-size:19px}.elementor-widget-heading .elementor-heading-title.elementor-size-large{font-size:29px}.elementor-widget-heading .elementor-heading-title.elementor-size-xl{font-size:39px}.elementor-widget-heading .elementor-heading-title.elementor-size-xxl{font-size:59px}<\/style><h3 class=\"elementor-heading-title elementor-size-default\"><strong>Soluciones<\/strong> personalizadas<\/h3>\t\t<\/div>\n\t\t\t\t<\/div>\n\t\t\t\t<div class=\"elementor-element elementor-element-281f700 elementor-widget elementor-widget-text-editor\" data-id=\"281f700\" data-element_type=\"widget\" data-widget_type=\"text-editor.default\">\n\t\t\t\t<div class=\"elementor-widget-container\">\n\t\t\t\t\t\t\t<p>Nuestro servicio es mucho m\u00e1s que trasladar una pieza de carga de un punto a otro.<\/p><p>Ofrecemos a nuestros clientes una amplia gama de servicios adicionales a la log\u00edstica para atender las necesidades que surgen durante un proyecto industrial. Nuestra experiencia nos permite anticiparnos a muchos de ellos permiti\u00e9ndonos disponer de las siguientes soluciones.<\/p>\t\t\t\t\t\t<\/div>\n\t\t\t\t<\/div>\n\t\t\t\t<\/div>\n\t\t\t\t\t<\/div>\n\t\t\t\t<\/div>\n\t\t<div class=\"elementor-element elementor-element-59baee8 e-con-full e-flex e-con e-child\" data-id=\"59baee8\" data-element_type=\"container\" data-settings=\"{&quot;background_background&quot;:&quot;classic&quot;}\">\n\t\t<div class=\"elementor-element elementor-element-e399772 e-flex e-con-boxed e-con e-child\" data-id=\"e399772\" data-element_type=\"container\">\n\t\t\t\t\t<div class=\"e-con-inner\">\n\t\t\t\t<div class=\"elementor-element elementor-element-9672065 elementor-widget elementor-widget-heading\" data-id=\"9672065\" data-element_type=\"widget\" data-widget_type=\"heading.default\">\n\t\t\t\t<div class=\"elementor-widget-container\">\n\t\t\t<h2 class=\"elementor-heading-title elementor-size-default\">Trabajos de reparaci\u00f3n.\n<\/h2>\t\t<\/div>\n\t\t\t\t<\/div>\n\t\t\t\t<div class=\"elementor-element elementor-element-855933e elementor-widget elementor-widget-text-editor\" data-id=\"855933e\" data-element_type=\"widget\" data-widget_type=\"text-editor.default\">\n\t\t\t\t<div class=\"elementor-widget-container\">\n\t\t\t\t\t\t\t<p>Algunos equipos pueden sufrir da\u00f1os durante el manejo normal o en ocasiones se env\u00edan con un mal embalaje o mal protegidos para el mismo.\u00a0Ara\u00f1azos, abolladuras, golpes, arrugas, falta de pintura, etc. son algunos de los problemas m\u00e1s comunes y algunos componentes que se pueden recibir.<\/p><p>Contamos con un equipo multidisciplinario de profesionales para solucionar estos problemas antes del transporte de los equipos al lugar de trabajo. Adem\u00e1s, tenemos la capacidad de subcontratar para nuestros clientes aquellos servicios que sean necesarios para solucionar estos inconvenientes menores.<\/p>\t\t\t\t\t\t<\/div>\n\t\t\t\t<\/div>\n\t\t\t\t\t<\/div>\n\t\t\t\t<\/div>\n\t\t\t\t<\/div>\n\t\t<div class=\"elementor-element elementor-element-c5af63a e-con-full e-flex e-con e-child\" data-id=\"c5af63a\" data-element_type=\"container\" data-settings=\"{&quot;background_background&quot;:&quot;classic&quot;}\">\n\t\t<div class=\"elementor-element elementor-element-480bba1 e-flex e-con-boxed e-con e-child\" data-id=\"480bba1\" data-element_type=\"container\">\n\t\t\t\t\t<div class=\"e-con-inner\">\n\t\t\t\t<div class=\"elementor-element elementor-element-decaa2a elementor-widget elementor-widget-heading\" data-id=\"decaa2a\" data-element_type=\"widget\" data-widget_type=\"heading.default\">\n\t\t\t\t<div class=\"elementor-widget-container\">\n\t\t\t<h2 class=\"elementor-heading-title elementor-size-default\">Seguridad privada.<\/h2>\t\t<\/div>\n\t\t\t\t<\/div>\n\t\t\t\t<div class=\"elementor-element elementor-element-adf7087 elementor-widget elementor-widget-text-editor\" data-id=\"adf7087\" data-element_type=\"widget\" data-widget_type=\"text-editor.default\">\n\t\t\t\t<div class=\"elementor-widget-container\">\n\t\t\t\t\t\t\t<p>Cuando hablamos de proyectos industriales hablamos de componentes y equipos de alto valor tecnol\u00f3gico y econ\u00f3mico por supuesto.\u00a0A petici\u00f3n de nuestros clientes podemos subcontratar servicios de seguridad privada durante la etapa de almacenamiento temporal.<\/p><p>Nuestros partners ofrecen soluciones para la vigilancia activa incluyendo una variedad de servicios desarrollados bajo una filosof\u00eda claramente definida y diferenciada: combinar el mejor equipo con las tecnolog\u00edas m\u00e1s avanzadas para ofrecer las mejores soluciones de seguridad totalmente personalizadas y adaptadas a las demandas y necesidades de cada uno de nuestros clientes: centro de vigilancia, telemonitorizaci\u00f3n y control, instalaciones de control de accesos, monitorizaci\u00f3n de alarmas, consultor\u00eda, etc.<\/p>\t\t\t\t\t\t<\/div>\n\t\t\t\t<\/div>\n\t\t\t\t\t<\/div>\n\t\t\t\t<\/div>\n\t\t\t\t<\/div>\n\t\t<div class=\"elementor-element elementor-element-c0578d6 e-con-full e-flex e-con e-child\" data-id=\"c0578d6\" data-element_type=\"container\" data-settings=\"{&quot;background_background&quot;:&quot;classic&quot;}\">\n\t\t<div class=\"elementor-element elementor-element-97e5fbf e-flex e-con-boxed e-con e-child\" data-id=\"97e5fbf\" data-element_type=\"container\">\n\t\t\t\t\t<div class=\"e-con-inner\">\n\t\t\t\t<div class=\"elementor-element elementor-element-8d45afb elementor-widget elementor-widget-heading\" data-id=\"8d45afb\" data-element_type=\"widget\" data-widget_type=\"heading.default\">\n\t\t\t\t<div class=\"elementor-widget-container\">\n\t\t\t<h3 class=\"elementor-heading-title elementor-size-default\">Embalaje de exportaci\u00f3n.<\/h3>\t\t<\/div>\n\t\t\t\t<\/div>\n\t\t\t\t<div class=\"elementor-element elementor-element-546e5a9 elementor-widget elementor-widget-text-editor\" data-id=\"546e5a9\" data-element_type=\"widget\" data-widget_type=\"text-editor.default\">\n\t\t\t\t<div class=\"elementor-widget-container\">\n\t\t\t\t\t\t\t<p>Contamos con gran experiencia en consultor\u00eda, dise\u00f1o y suministro de embalajes especiales para exportaci\u00f3n, o lo que com\u00fanmente se denomina embalaje mar\u00edtimo, brindando a nuestros clientes soluciones de embalaje confiables y rentables.<\/p><p>Nuestros proveedores ofrecen un amplio cat\u00e1logo de cajones a medida fabricados en madera y contrachapado. \u00a0Ofrecen soluciones de embalaje completamente personalizadas que pueden adaptarse a una amplia gama de funciones y aplicaciones, as\u00ed como certificarse para el transporte de mercanc\u00edas peligrosas. Su equipo interno de dise\u00f1o de empaques trabajar\u00e1 con usted para dise\u00f1ar una soluci\u00f3n de empaque que se ajuste a sus necesidades espec\u00edficas.<\/p>\t\t\t\t\t\t<\/div>\n\t\t\t\t<\/div>\n\t\t\t\t\t<\/div>\n\t\t\t\t<\/div>\n\t\t\t\t<\/div>\n\t\t<div class=\"elementor-element elementor-element-0a4509a e-con-full e-flex e-con e-child\" data-id=\"0a4509a\" data-element_type=\"container\" data-settings=\"{&quot;background_background&quot;:&quot;classic&quot;}\">\n\t\t<div class=\"elementor-element elementor-element-a13934a e-flex e-con-boxed e-con e-child\" data-id=\"a13934a\" data-element_type=\"container\">\n\t\t\t\t\t<div class=\"e-con-inner\">\n\t\t\t\t<div class=\"elementor-element elementor-element-0ec56ce elementor-widget elementor-widget-heading\" data-id=\"0ec56ce\" data-element_type=\"widget\" data-widget_type=\"heading.default\">\n\t\t\t\t<div class=\"elementor-widget-container\">\n\t\t\t<h3 class=\"elementor-heading-title elementor-size-default\">Mantenimiento a largo plazo.<\/h3>\t\t<\/div>\n\t\t\t\t<\/div>\n\t\t\t\t<div class=\"elementor-element elementor-element-6db0438 elementor-widget elementor-widget-text-editor\" data-id=\"6db0438\" data-element_type=\"widget\" data-widget_type=\"text-editor.default\">\n\t\t\t\t<div class=\"elementor-widget-container\">\n\t\t\t\t\t\t\t<p>Cuando un proyecto necesita un almacenamiento a largo plazo, algunos de los equipos principales requieren de un tratamiento y cuidado especial. Se requieren servicios de mantenimiento como megamotores, controles de temperatura y humedad, sistema deshumidificador, operaci\u00f3n del sistema de gas de inertizaci\u00f3n, manejo antioxidante, protecci\u00f3n de elementos ambientales, reenvasado, mantenimiento preventivo, rotaciones de motores, etc.<\/p><p>Trabajos realizados por profesionales expertos en el mantenimiento de equipos industriales.\u00a0Por favor proporci\u00f3nenos los procedimientos de mantenimiento del fabricante para el almacenamiento a largo plazo y nuestros t\u00e9cnicos ser\u00e1n responsables de su cuidado como si estuvieran en un \u00abCentro de Bienestar\u00bb.<\/p>\t\t\t\t\t\t<\/div>\n\t\t\t\t<\/div>\n\t\t\t\t\t<\/div>\n\t\t\t\t<\/div>\n\t\t\t\t<\/div>\n\t\t\t\t<\/div>\n\t\t\t\t<\/div>","protected":false},"excerpt":{"rendered":"<p>if your needs are non conventional our services can not be either! Customized solutions. Our service is much more than getting a piece of freight from one point to another. We offer our customers a wide range of additional services to the logistics to accomplish\u00a0with the needs that arise during a industrial\u00a0project. Our experience allows [&hellip;]<\/p>","protected":false},"author":1,"featured_media":0,"parent":0,"menu_order":0,"comment_status":"closed","ping_status":"closed","template":"elementor_header_footer","meta":{"footnotes":""},"class_list":["post-335","page","type-page","status-publish","hentry"],"yoast_head":"<!-- This site is optimized with the Yoast SEO plugin v22.8 - https:\/\/yoast.com\/wordpress\/plugins\/seo\/ -->\n<title>Special Services - Total Project<\/title>\n<meta name=\"description\" content=\"Special Services by Total Project provides customized logistics solutions, including repair works, private security, export packaging.\" \/>\n<meta name=\"robots\" content=\"index, follow, max-snippet:-1, max-image-preview:large, max-video-preview:-1\" \/>\n<link rel=\"canonical\" href=\"https:\/\/www.totalproject.site\/es\/special-services\/\" \/>\n<meta property=\"og:locale\" content=\"es_ES\" \/>\n<meta property=\"og:type\" content=\"article\" \/>\n<meta property=\"og:title\" content=\"Special Services - Total Project\" \/>\n<meta property=\"og:description\" content=\"Special Services by Total Project provides customized logistics solutions, including repair works, private security, export packaging.\" \/>\n<meta property=\"og:url\" content=\"https:\/\/www.totalproject.site\/es\/special-services\/\" \/>\n<meta property=\"og:site_name\" content=\"Total Project\" \/>\n<meta property=\"article:modified_time\" content=\"2024-06-11T07:26:51+00:00\" \/>\n<meta property=\"og:image\" content=\"https:\/\/www.totalproject.site\/wp-content\/uploads\/2024\/04\/mundoblancoiconos3.png\" \/>\n<meta name=\"twitter:card\" content=\"summary_large_image\" \/>\n<meta name=\"twitter:label1\" content=\"Tiempo de lectura\" \/>\n\t<meta name=\"twitter:data1\" content=\"3 minutos\" \/>\n<script type=\"application\/ld+json\" class=\"yoast-schema-graph\">{\"@context\":\"https:\/\/schema.org\",\"@graph\":[{\"@type\":\"WebPage\",\"@id\":\"https:\/\/www.totalproject.site\/special-services\/\",\"url\":\"https:\/\/www.totalproject.site\/special-services\/\",\"name\":\"Special Services - Total Project\",\"isPartOf\":{\"@id\":\"https:\/\/www.totalproject.site\/#website\"},\"primaryImageOfPage\":{\"@id\":\"https:\/\/www.totalproject.site\/special-services\/#primaryimage\"},\"image\":{\"@id\":\"https:\/\/www.totalproject.site\/special-services\/#primaryimage\"},\"thumbnailUrl\":\"https:\/\/www.totalproject.site\/wp-content\/uploads\/2024\/04\/mundoblancoiconos3.png\",\"datePublished\":\"2024-04-02T10:50:02+00:00\",\"dateModified\":\"2024-06-11T07:26:51+00:00\",\"description\":\"Special Services by Total Project provides customized logistics solutions, including repair works, private security, export packaging.\",\"breadcrumb\":{\"@id\":\"https:\/\/www.totalproject.site\/special-services\/#breadcrumb\"},\"inLanguage\":\"es\",\"potentialAction\":[{\"@type\":\"ReadAction\",\"target\":[\"https:\/\/www.totalproject.site\/special-services\/\"]}]},{\"@type\":\"ImageObject\",\"inLanguage\":\"es\",\"@id\":\"https:\/\/www.totalproject.site\/special-services\/#primaryimage\",\"url\":\"https:\/\/www.totalproject.site\/wp-content\/uploads\/2024\/04\/mundoblancoiconos3.png\",\"contentUrl\":\"https:\/\/www.totalproject.site\/wp-content\/uploads\/2024\/04\/mundoblancoiconos3.png\"},{\"@type\":\"BreadcrumbList\",\"@id\":\"https:\/\/www.totalproject.site\/special-services\/#breadcrumb\",\"itemListElement\":[{\"@type\":\"ListItem\",\"position\":1,\"name\":\"Portada\",\"item\":\"https:\/\/www.totalproject.site\/\"},{\"@type\":\"ListItem\",\"position\":2,\"name\":\"Special Services\"}]},{\"@type\":\"WebSite\",\"@id\":\"https:\/\/www.totalproject.site\/#website\",\"url\":\"https:\/\/www.totalproject.site\/\",\"name\":\"Total Project\",\"description\":\"\",\"publisher\":{\"@id\":\"https:\/\/www.totalproject.site\/#organization\"},\"potentialAction\":[{\"@type\":\"SearchAction\",\"target\":{\"@type\":\"EntryPoint\",\"urlTemplate\":\"https:\/\/www.totalproject.site\/?s={search_term_string}\"},\"query-input\":\"required name=search_term_string\"}],\"inLanguage\":\"es\"},{\"@type\":\"Organization\",\"@id\":\"https:\/\/www.totalproject.site\/#organization\",\"name\":\"Total Project\",\"url\":\"https:\/\/www.totalproject.site\/\",\"logo\":{\"@type\":\"ImageObject\",\"inLanguage\":\"es\",\"@id\":\"https:\/\/www.totalproject.site\/#\/schema\/logo\/image\/\",\"url\":\"https:\/\/www.totalproject.site\/wp-content\/uploads\/2024\/04\/totalproject_cabecera_color.png\",\"contentUrl\":\"https:\/\/www.totalproject.site\/wp-content\/uploads\/2024\/04\/totalproject_cabecera_color.png\",\"width\":340,\"height\":156,\"caption\":\"Total Project\"},\"image\":{\"@id\":\"https:\/\/www.totalproject.site\/#\/schema\/logo\/image\/\"}}]}<\/script>\n<!-- \/ Yoast SEO plugin. -->","yoast_head_json":{"title":"Special Services - Total Project","description":"Special Services by Total Project provides customized logistics solutions, including repair works, private security, export packaging.","robots":{"index":"index","follow":"follow","max-snippet":"max-snippet:-1","max-image-preview":"max-image-preview:large","max-video-preview":"max-video-preview:-1"},"canonical":"https:\/\/www.totalproject.site\/es\/special-services\/","og_locale":"es_ES","og_type":"article","og_title":"Special Services - Total Project","og_description":"Special Services by Total Project provides customized logistics solutions, including repair works, private security, export packaging.","og_url":"https:\/\/www.totalproject.site\/es\/special-services\/","og_site_name":"Total Project","article_modified_time":"2024-06-11T07:26:51+00:00","og_image":[{"url":"https:\/\/www.totalproject.site\/wp-content\/uploads\/2024\/04\/mundoblancoiconos3.png"}],"twitter_card":"summary_large_image","twitter_misc":{"Tiempo de lectura":"3 minutos"},"schema":{"@context":"https:\/\/schema.org","@graph":[{"@type":"WebPage","@id":"https:\/\/www.totalproject.site\/special-services\/","url":"https:\/\/www.totalproject.site\/special-services\/","name":"Special Services - Total Project","isPartOf":{"@id":"https:\/\/www.totalproject.site\/#website"},"primaryImageOfPage":{"@id":"https:\/\/www.totalproject.site\/special-services\/#primaryimage"},"image":{"@id":"https:\/\/www.totalproject.site\/special-services\/#primaryimage"},"thumbnailUrl":"https:\/\/www.totalproject.site\/wp-content\/uploads\/2024\/04\/mundoblancoiconos3.png","datePublished":"2024-04-02T10:50:02+00:00","dateModified":"2024-06-11T07:26:51+00:00","description":"Special Services by Total Project provides customized logistics solutions, including repair works, private security, export packaging.","breadcrumb":{"@id":"https:\/\/www.totalproject.site\/special-services\/#breadcrumb"},"inLanguage":"es","potentialAction":[{"@type":"ReadAction","target":["https:\/\/www.totalproject.site\/special-services\/"]}]},{"@type":"ImageObject","inLanguage":"es","@id":"https:\/\/www.totalproject.site\/special-services\/#primaryimage","url":"https:\/\/www.totalproject.site\/wp-content\/uploads\/2024\/04\/mundoblancoiconos3.png","contentUrl":"https:\/\/www.totalproject.site\/wp-content\/uploads\/2024\/04\/mundoblancoiconos3.png"},{"@type":"BreadcrumbList","@id":"https:\/\/www.totalproject.site\/special-services\/#breadcrumb","itemListElement":[{"@type":"ListItem","position":1,"name":"Portada","item":"https:\/\/www.totalproject.site\/"},{"@type":"ListItem","position":2,"name":"Special Services"}]},{"@type":"WebSite","@id":"https:\/\/www.totalproject.site\/#website","url":"https:\/\/www.totalproject.site\/","name":"Total Project","description":"","publisher":{"@id":"https:\/\/www.totalproject.site\/#organization"},"potentialAction":[{"@type":"SearchAction","target":{"@type":"EntryPoint","urlTemplate":"https:\/\/www.totalproject.site\/?s={search_term_string}"},"query-input":"required name=search_term_string"}],"inLanguage":"es"},{"@type":"Organization","@id":"https:\/\/www.totalproject.site\/#organization","name":"Total Project","url":"https:\/\/www.totalproject.site\/","logo":{"@type":"ImageObject","inLanguage":"es","@id":"https:\/\/www.totalproject.site\/#\/schema\/logo\/image\/","url":"https:\/\/www.totalproject.site\/wp-content\/uploads\/2024\/04\/totalproject_cabecera_color.png","contentUrl":"https:\/\/www.totalproject.site\/wp-content\/uploads\/2024\/04\/totalproject_cabecera_color.png","width":340,"height":156,"caption":"Total Project"},"image":{"@id":"https:\/\/www.totalproject.site\/#\/schema\/logo\/image\/"}}]}},"_links":{"self":[{"href":"https:\/\/www.totalproject.site\/es\/wp-json\/wp\/v2\/pages\/335","targetHints":{"allow":["GET"]}}],"collection":[{"href":"https:\/\/www.totalproject.site\/es\/wp-json\/wp\/v2\/pages"}],"about":[{"href":"https:\/\/www.totalproject.site\/es\/wp-json\/wp\/v2\/types\/page"}],"author":[{"embeddable":true,"href":"https:\/\/www.totalproject.site\/es\/wp-json\/wp\/v2\/users\/1"}],"replies":[{"embeddable":true,"href":"https:\/\/www.totalproject.site\/es\/wp-json\/wp\/v2\/comments?post=335"}],"version-history":[{"count":10,"href":"https:\/\/www.totalproject.site\/es\/wp-json\/wp\/v2\/pages\/335\/revisions"}],"predecessor-version":[{"id":437,"href":"https:\/\/www.totalproject.site\/es\/wp-json\/wp\/v2\/pages\/335\/revisions\/437"}],"wp:attachment":[{"href":"https:\/\/www.totalproject.site\/es\/wp-json\/wp\/v2\/media?parent=335"}],"curies":[{"name":"wp","href":"https:\/\/api.w.org\/{rel}","templated":true}]}}