{"id":317,"date":"2024-04-02T10:36:59","date_gmt":"2024-04-02T10:36:59","guid":{"rendered":"https:\/\/www.totalproject.site\/?page_id=317"},"modified":"2024-06-11T07:54:31","modified_gmt":"2024-06-11T07:54:31","slug":"logistics","status":"publish","type":"page","link":"https:\/\/www.totalproject.site\/es\/logistics\/","title":{"rendered":"Log\u00edstica"},"content":{"rendered":"<div data-elementor-type=\"wp-page\" data-elementor-id=\"317\" class=\"elementor elementor-317\" data-elementor-post-type=\"page\">\n\t\t\t\t<div class=\"elementor-element elementor-element-1f7fdf1 e-con-full e-flex e-con e-parent\" data-id=\"1f7fdf1\" data-element_type=\"container\" data-settings=\"{&quot;background_background&quot;:&quot;classic&quot;}\" data-core-v316-plus=\"true\">\n\t\t<div class=\"elementor-element elementor-element-4094925 e-con-full e-flex e-con e-child\" data-id=\"4094925\" data-element_type=\"container\" data-settings=\"{&quot;background_background&quot;:&quot;classic&quot;}\">\n\t\t<div class=\"elementor-element elementor-element-621b327 e-con-full e-flex e-con e-child\" data-id=\"621b327\" data-element_type=\"container\" data-settings=\"{&quot;position&quot;:&quot;absolute&quot;}\">\n\t\t\t\t<div class=\"elementor-element elementor-element-ec345da elementor-widget elementor-widget-text-editor\" data-id=\"ec345da\" data-element_type=\"widget\" data-widget_type=\"text-editor.default\">\n\t\t\t\t<div class=\"elementor-widget-container\">\n\t\t\t<style>\/*! elementor - v3.20.0 - 26-03-2024 *\/\n.elementor-widget-text-editor.elementor-drop-cap-view-stacked .elementor-drop-cap{background-color:#69727d;color:#fff}.elementor-widget-text-editor.elementor-drop-cap-view-framed .elementor-drop-cap{color:#69727d;border:3px solid;background-color:transparent}.elementor-widget-text-editor:not(.elementor-drop-cap-view-default) .elementor-drop-cap{margin-top:8px}.elementor-widget-text-editor:not(.elementor-drop-cap-view-default) .elementor-drop-cap-letter{width:1em;height:1em}.elementor-widget-text-editor .elementor-drop-cap{float:left;text-align:center;line-height:1;font-size:50px}.elementor-widget-text-editor .elementor-drop-cap-letter{display:inline-block}<\/style>\t\t\t\t<p>\u00a1El valor agregado de sus requerimientos!<\/p>\t\t\t\t\t\t<\/div>\n\t\t\t\t<\/div>\n\t\t\t\t<\/div>\n\t\t\t\t<\/div>\n\t\t<div class=\"elementor-element elementor-element-0c4f537 e-flex e-con-boxed e-con e-child\" data-id=\"0c4f537\" data-element_type=\"container\" data-settings=\"{&quot;background_background&quot;:&quot;classic&quot;}\">\n\t\t\t\t\t<div class=\"e-con-inner\">\n\t\t<div class=\"elementor-element elementor-element-fd3c4a3 e-con-full e-flex e-con e-child\" data-id=\"fd3c4a3\" data-element_type=\"container\">\n\t\t\t\t<div class=\"elementor-element elementor-element-4c675b7 elementor-widget elementor-widget-image\" data-id=\"4c675b7\" data-element_type=\"widget\" data-widget_type=\"image.default\">\n\t\t\t\t<div class=\"elementor-widget-container\">\n\t\t\t<style>\/*! elementor - v3.20.0 - 26-03-2024 *\/\n.elementor-widget-image{text-align:center}.elementor-widget-image a{display:inline-block}.elementor-widget-image a img[src$=\".svg\"]{width:48px}.elementor-widget-image img{vertical-align:middle;display:inline-block}<\/style>\t\t\t\t\t\t\t\t\t\t<img fetchpriority=\"high\" decoding=\"async\" width=\"800\" height=\"800\" src=\"https:\/\/www.totalproject.site\/wp-content\/uploads\/2024\/04\/mundoblancoiconos3.png\" class=\"attachment-large size-large wp-image-122\" alt=\"logistics solutions\" srcset=\"https:\/\/www.totalproject.site\/wp-content\/uploads\/2024\/04\/mundoblancoiconos3.png 800w, https:\/\/www.totalproject.site\/wp-content\/uploads\/2024\/04\/mundoblancoiconos3-300x300.png 300w, https:\/\/www.totalproject.site\/wp-content\/uploads\/2024\/04\/mundoblancoiconos3-150x150.png 150w, https:\/\/www.totalproject.site\/wp-content\/uploads\/2024\/04\/mundoblancoiconos3-768x768.png 768w\" sizes=\"(max-width: 800px) 100vw, 800px\" \/>\t\t\t\t\t\t\t\t\t\t\t\t\t<\/div>\n\t\t\t\t<\/div>\n\t\t\t\t<\/div>\n\t\t<div class=\"elementor-element elementor-element-0e90937 e-con-full e-flex e-con e-child\" data-id=\"0e90937\" data-element_type=\"container\">\n\t\t\t\t<div class=\"elementor-element elementor-element-6e93045 elementor-widget elementor-widget-heading\" data-id=\"6e93045\" data-element_type=\"widget\" data-widget_type=\"heading.default\">\n\t\t\t\t<div class=\"elementor-widget-container\">\n\t\t\t<style>\/*! elementor - v3.20.0 - 26-03-2024 *\/\n.elementor-heading-title{padding:0;margin:0;line-height:1}.elementor-widget-heading .elementor-heading-title[class*=elementor-size-]>a{color:inherit;font-size:inherit;line-height:inherit}.elementor-widget-heading .elementor-heading-title.elementor-size-small{font-size:15px}.elementor-widget-heading .elementor-heading-title.elementor-size-medium{font-size:19px}.elementor-widget-heading .elementor-heading-title.elementor-size-large{font-size:29px}.elementor-widget-heading .elementor-heading-title.elementor-size-xl{font-size:39px}.elementor-widget-heading .elementor-heading-title.elementor-size-xxl{font-size:59px}<\/style><h3 class=\"elementor-heading-title elementor-size-default\">Gestionando tus <strong>necesidades<\/strong>.<\/h3>\t\t<\/div>\n\t\t\t\t<\/div>\n\t\t\t\t<div class=\"elementor-element elementor-element-cc68bf5 elementor-widget elementor-widget-text-editor\" data-id=\"cc68bf5\" data-element_type=\"widget\" data-widget_type=\"text-editor.default\">\n\t\t\t\t<div class=\"elementor-widget-container\">\n\t\t\t\t\t\t\t<p>Una gama de soluciones de muy alto nivel como valor a\u00f1adido de sus necesidades. No importa cu\u00e1n larga y pesada sea la carga o cu\u00e1n complicado sea el trabajo, mantenemos todo en movimiento.<\/p>\t\t\t\t\t\t<\/div>\n\t\t\t\t<\/div>\n\t\t\t\t<\/div>\n\t\t\t\t\t<\/div>\n\t\t\t\t<\/div>\n\t\t<div class=\"elementor-element elementor-element-0e7e5b5 e-con-full e-flex e-con e-child\" data-id=\"0e7e5b5\" data-element_type=\"container\" data-settings=\"{&quot;background_background&quot;:&quot;classic&quot;}\">\n\t\t<div class=\"elementor-element elementor-element-6a0c655 e-flex e-con-boxed e-con e-child\" data-id=\"6a0c655\" data-element_type=\"container\">\n\t\t\t\t\t<div class=\"e-con-inner\">\n\t\t\t\t<div class=\"elementor-element elementor-element-d43e5b6 elementor-widget elementor-widget-heading\" data-id=\"d43e5b6\" data-element_type=\"widget\" data-widget_type=\"heading.default\">\n\t\t\t\t<div class=\"elementor-widget-container\">\n\t\t\t<h2 class=\"elementor-heading-title elementor-size-default\">Agencia de Aduanas<\/h2>\t\t<\/div>\n\t\t\t\t<\/div>\n\t\t\t\t<div class=\"elementor-element elementor-element-9db75a4 elementor-widget elementor-widget-text-editor\" data-id=\"9db75a4\" data-element_type=\"widget\" data-widget_type=\"text-editor.default\">\n\t\t\t\t<div class=\"elementor-widget-container\">\n\t\t\t\t\t\t\t<p>Somos OEA y contamos con Agencia de Aduanas propia capaz de operar en todo el pa\u00eds. Contamos con una gran experiencia de m\u00e1s de 45 a\u00f1os, lo que nos permite una reputaci\u00f3n confiable ante las Autoridades Aduaneras.<\/p><p>Una selecci\u00f3n de los servicios que ofrecemos: consultor\u00eda, despacho de aduanas: exportaci\u00f3n e importaci\u00f3n, emisi\u00f3n de documentos T1, importaci\u00f3n \/ reexportaci\u00f3n temporal, exportaci\u00f3n \/ reimportaci\u00f3n temporal, emisi\u00f3n de documentos para carga de restituci\u00f3n, presentaci\u00f3n de documentos y organizaci\u00f3n de controles veterinarios, resoluci\u00f3n de disputas. con las autoridades aduaneras \u2013 procedimientos de objeci\u00f3n y apelaci\u00f3n, etc.<\/p><p>Estamos conectados EDI y tenemos nuestros propios almacenes aduaneros.<\/p>\t\t\t\t\t\t<\/div>\n\t\t\t\t<\/div>\n\t\t\t\t\t<\/div>\n\t\t\t\t<\/div>\n\t\t\t\t<\/div>\n\t\t<div class=\"elementor-element elementor-element-8aaf538 e-con-full e-flex e-con e-child\" data-id=\"8aaf538\" data-element_type=\"container\" data-settings=\"{&quot;background_background&quot;:&quot;classic&quot;}\">\n\t\t<div class=\"elementor-element elementor-element-69d97ef e-flex e-con-boxed e-con e-child\" data-id=\"69d97ef\" data-element_type=\"container\">\n\t\t\t\t\t<div class=\"e-con-inner\">\n\t\t\t\t<div class=\"elementor-element elementor-element-5b064f7 elementor-widget elementor-widget-heading\" data-id=\"5b064f7\" data-element_type=\"widget\" data-widget_type=\"heading.default\">\n\t\t\t\t<div class=\"elementor-widget-container\">\n\t\t\t<h2 class=\"elementor-heading-title elementor-size-default\">Gesti\u00f3n de documentos.<\/h2>\t\t<\/div>\n\t\t\t\t<\/div>\n\t\t\t\t<div class=\"elementor-element elementor-element-a520332 elementor-widget elementor-widget-text-editor\" data-id=\"a520332\" data-element_type=\"widget\" data-widget_type=\"text-editor.default\">\n\t\t\t\t<div class=\"elementor-widget-container\">\n\t\t\t\t\t\t\t<p>Sabemos lo compleja que puede llegar a ser la gesti\u00f3n de documentos, especialmente cuando se gestiona el abastecimiento global en varios pa\u00edses. Nuestro conocimiento de gesti\u00f3n le ofrece una visi\u00f3n completa de las actividades de su proyecto a trav\u00e9s de una visibilidad mejorada y un mejor control de su proceso diario de gesti\u00f3n de documentos.<\/p><p>Listas de embalaje, facturas comerciales, conocimientos de embarque, \u00f3rdenes de transporte, certificados de origen, declaraciones de aduana, albaranes de entrega, gu\u00eda a\u00e9rea, CMR, etc.<\/p><p>\u00a1Todo bajo control!<\/p>\t\t\t\t\t\t<\/div>\n\t\t\t\t<\/div>\n\t\t\t\t\t<\/div>\n\t\t\t\t<\/div>\n\t\t\t\t<\/div>\n\t\t<div class=\"elementor-element elementor-element-ec58542 e-con-full e-flex e-con e-child\" data-id=\"ec58542\" data-element_type=\"container\" data-settings=\"{&quot;background_background&quot;:&quot;classic&quot;}\">\n\t\t<div class=\"elementor-element elementor-element-06b5669 e-flex e-con-boxed e-con e-child\" data-id=\"06b5669\" data-element_type=\"container\">\n\t\t\t\t\t<div class=\"e-con-inner\">\n\t\t\t\t<div class=\"elementor-element elementor-element-c129aa5 elementor-widget elementor-widget-heading\" data-id=\"c129aa5\" data-element_type=\"widget\" data-widget_type=\"heading.default\">\n\t\t\t\t<div class=\"elementor-widget-container\">\n\t\t\t<h3 class=\"elementor-heading-title elementor-size-default\">Cadena de suministro de materiales.<\/h3>\t\t<\/div>\n\t\t\t\t<\/div>\n\t\t\t\t<div class=\"elementor-element elementor-element-7c085f7 elementor-widget elementor-widget-text-editor\" data-id=\"7c085f7\" data-element_type=\"widget\" data-widget_type=\"text-editor.default\">\n\t\t\t\t<div class=\"elementor-widget-container\">\n\t\t\t\t\t\t\t<p>Analizamos, dise\u00f1amos, simulamos e implementamos soluciones de cadena de suministro que soportan los requisitos de fabricantes, proveedores, contratistas, etc. Coordinamos con todas las partes involucradas el suministro de todos los componentes de un proyecto para asegurar que se entreguen seg\u00fan la secuencia establecida. asamblea.<\/p><p>Nuestras capacidades log\u00edsticas en esta \u00e1rea incluyen la interfaz entre nuestras propias soluciones de TI y los sistemas de planificaci\u00f3n de recursos empresariales (ERP) de nuestros clientes.<\/p><p>Un fluido intercambio continuo de informaci\u00f3n que permita a nuestros clientes estar adecuadamente informados del estado y situaci\u00f3n de cada suministro.<\/p>\t\t\t\t\t\t<\/div>\n\t\t\t\t<\/div>\n\t\t\t\t\t<\/div>\n\t\t\t\t<\/div>\n\t\t\t\t<\/div>\n\t\t<div class=\"elementor-element elementor-element-96b125a e-con-full e-flex e-con e-child\" data-id=\"96b125a\" data-element_type=\"container\" data-settings=\"{&quot;background_background&quot;:&quot;classic&quot;}\">\n\t\t<div class=\"elementor-element elementor-element-ff48bf3 e-flex e-con-boxed e-con e-child\" data-id=\"ff48bf3\" data-element_type=\"container\">\n\t\t\t\t\t<div class=\"e-con-inner\">\n\t\t\t\t<div class=\"elementor-element elementor-element-1e7f50e elementor-widget elementor-widget-heading\" data-id=\"1e7f50e\" data-element_type=\"widget\" data-widget_type=\"heading.default\">\n\t\t\t\t<div class=\"elementor-widget-container\">\n\t\t\t<h3 class=\"elementor-heading-title elementor-size-default\">Almacenamiento temporal.<\/h3>\t\t<\/div>\n\t\t\t\t<\/div>\n\t\t\t\t<div class=\"elementor-element elementor-element-37574fd elementor-widget elementor-widget-text-editor\" data-id=\"37574fd\" data-element_type=\"widget\" data-widget_type=\"text-editor.default\">\n\t\t\t\t<div class=\"elementor-widget-container\">\n\t\t\t\t\t\t\t<p>A veces cuando se realiza un env\u00edo \u00abpuerta a puerta\u00bb, los lugares de trabajo no est\u00e1n preparados para recibir las cargas y equipos o simplemente no tienen suficiente espacio para ello. En totalproject somos especialistas en soluciones de almacenamiento temporal tanto en origen como en destino y en cualquier fase del proyecto.<\/p><p>Desde peque\u00f1os espacios temporales en segundas zonas portuarias hasta grandes instalaciones de m\u00e1s de 30.000 m2 donde no s\u00f3lo almacenar equipos y cargas. \u00bfPor qu\u00e9 no realizar trabajos de prefabricaci\u00f3n, montaje, mantenimientos, embalaje o desembalaje, salas de temperatura controlada, etc?<\/p><p>Estudiamos tus necesidades, dise\u00f1amos las mejores soluciones espaciales y localizamos los mejores sitios para ello.<\/p>\t\t\t\t\t\t<\/div>\n\t\t\t\t<\/div>\n\t\t\t\t\t<\/div>\n\t\t\t\t<\/div>\n\t\t\t\t<\/div>\n\t\t<div class=\"elementor-element elementor-element-9b671b4 e-con-full e-flex e-con e-child\" data-id=\"9b671b4\" data-element_type=\"container\" data-settings=\"{&quot;background_background&quot;:&quot;classic&quot;}\">\n\t\t<div class=\"elementor-element elementor-element-dab43e9 e-flex e-con-boxed e-con e-child\" data-id=\"dab43e9\" data-element_type=\"container\">\n\t\t\t\t\t<div class=\"e-con-inner\">\n\t\t\t\t<div class=\"elementor-element elementor-element-34e4aae elementor-widget elementor-widget-heading\" data-id=\"34e4aae\" data-element_type=\"widget\" data-widget_type=\"heading.default\">\n\t\t\t\t<div class=\"elementor-widget-container\">\n\t\t\t<h3 class=\"elementor-heading-title elementor-size-default\">\u2013 Almacenamiento y distribuci\u00f3n<\/h3>\t\t<\/div>\n\t\t\t\t<\/div>\n\t\t\t\t<div class=\"elementor-element elementor-element-71e9993 elementor-widget elementor-widget-text-editor\" data-id=\"71e9993\" data-element_type=\"widget\" data-widget_type=\"text-editor.default\">\n\t\t\t\t<div class=\"elementor-widget-container\">\n\t\t\t\t\t\t\t<p>Gracias a nuestra red global contamos con una amplia gama de instalaciones de almac\u00e9n y gesti\u00f3n en ubicaciones estrat\u00e9gicas en todo el mundo.<\/p><p>Nuestros procedimientos de gesti\u00f3n de carga y optimizaci\u00f3n de almac\u00e9n le ayudan a dise\u00f1ar y ejecutar cada paso del proceso de consolidaci\u00f3n y desconsolidaci\u00f3n de la carga de su proyecto.\u00a0Ofrecemos almacenamiento aduanero y altamente especializado como parte de una sala limpia integrada o una cadena de suministro con temperatura controlada. Y, por supuesto, toda una gama de servicios de valor a\u00f1adido para fabricantes, empresas EPC y empresas de servicios p\u00fablicos.<\/p><p><a href=\"https:\/\/www.totalproject.site\/es\/\">Informaci\u00f3n general<\/a><\/p>\t\t\t\t\t\t<\/div>\n\t\t\t\t<\/div>\n\t\t\t\t\t<\/div>\n\t\t\t\t<\/div>\n\t\t\t\t<\/div>\n\t\t\t\t<\/div>\n\t\t\t\t<\/div>","protected":false},"excerpt":{"rendered":"<p>the add value of your requirements! Managing your needing. A very high level solutions range as add value of your requirements. No matter how long and heavy the load or how complicated the job, we keep things moving. We provides a complete and comprehensive freight management service tailored to ensure our client gain the advantage. [&hellip;]<\/p>","protected":false},"author":1,"featured_media":0,"parent":0,"menu_order":0,"comment_status":"closed","ping_status":"closed","template":"elementor_header_footer","meta":{"footnotes":""},"class_list":["post-317","page","type-page","status-publish","hentry"],"yoast_head":"<!-- This site is optimized with the Yoast SEO plugin v22.8 - https:\/\/yoast.com\/wordpress\/plugins\/seo\/ -->\n<title>Logistics - Total Project<\/title>\n<meta name=\"description\" content=\"Total Project offers comprehensive logistics management for industrial and energy projects, including transport, warehousing, port operations.\" \/>\n<meta name=\"robots\" content=\"index, follow, max-snippet:-1, max-image-preview:large, max-video-preview:-1\" \/>\n<link rel=\"canonical\" href=\"https:\/\/www.totalproject.site\/es\/logistics\/\" \/>\n<meta property=\"og:locale\" content=\"es_ES\" \/>\n<meta property=\"og:type\" content=\"article\" \/>\n<meta property=\"og:title\" content=\"Logistics - Total Project\" \/>\n<meta property=\"og:description\" content=\"Total Project offers comprehensive logistics management for industrial and energy projects, including transport, warehousing, port operations.\" \/>\n<meta property=\"og:url\" content=\"https:\/\/www.totalproject.site\/es\/logistics\/\" \/>\n<meta property=\"og:site_name\" content=\"Total Project\" \/>\n<meta property=\"article:modified_time\" content=\"2024-06-11T07:54:31+00:00\" \/>\n<meta property=\"og:image\" content=\"https:\/\/www.totalproject.site\/wp-content\/uploads\/2024\/04\/mundoblancoiconos3.png\" \/>\n<meta name=\"twitter:card\" content=\"summary_large_image\" \/>\n<meta name=\"twitter:label1\" content=\"Tiempo de lectura\" \/>\n\t<meta name=\"twitter:data1\" content=\"3 minutos\" \/>\n<script type=\"application\/ld+json\" class=\"yoast-schema-graph\">{\"@context\":\"https:\/\/schema.org\",\"@graph\":[{\"@type\":\"WebPage\",\"@id\":\"https:\/\/www.totalproject.site\/logistics\/\",\"url\":\"https:\/\/www.totalproject.site\/logistics\/\",\"name\":\"Logistics - Total Project\",\"isPartOf\":{\"@id\":\"https:\/\/www.totalproject.site\/#website\"},\"primaryImageOfPage\":{\"@id\":\"https:\/\/www.totalproject.site\/logistics\/#primaryimage\"},\"image\":{\"@id\":\"https:\/\/www.totalproject.site\/logistics\/#primaryimage\"},\"thumbnailUrl\":\"https:\/\/www.totalproject.site\/wp-content\/uploads\/2024\/04\/mundoblancoiconos3.png\",\"datePublished\":\"2024-04-02T10:36:59+00:00\",\"dateModified\":\"2024-06-11T07:54:31+00:00\",\"description\":\"Total Project offers comprehensive logistics management for industrial and energy projects, including transport, warehousing, port operations.\",\"breadcrumb\":{\"@id\":\"https:\/\/www.totalproject.site\/logistics\/#breadcrumb\"},\"inLanguage\":\"es\",\"potentialAction\":[{\"@type\":\"ReadAction\",\"target\":[\"https:\/\/www.totalproject.site\/logistics\/\"]}]},{\"@type\":\"ImageObject\",\"inLanguage\":\"es\",\"@id\":\"https:\/\/www.totalproject.site\/logistics\/#primaryimage\",\"url\":\"https:\/\/www.totalproject.site\/wp-content\/uploads\/2024\/04\/mundoblancoiconos3.png\",\"contentUrl\":\"https:\/\/www.totalproject.site\/wp-content\/uploads\/2024\/04\/mundoblancoiconos3.png\"},{\"@type\":\"BreadcrumbList\",\"@id\":\"https:\/\/www.totalproject.site\/logistics\/#breadcrumb\",\"itemListElement\":[{\"@type\":\"ListItem\",\"position\":1,\"name\":\"Portada\",\"item\":\"https:\/\/www.totalproject.site\/\"},{\"@type\":\"ListItem\",\"position\":2,\"name\":\"Logistics\"}]},{\"@type\":\"WebSite\",\"@id\":\"https:\/\/www.totalproject.site\/#website\",\"url\":\"https:\/\/www.totalproject.site\/\",\"name\":\"Total Project\",\"description\":\"\",\"publisher\":{\"@id\":\"https:\/\/www.totalproject.site\/#organization\"},\"potentialAction\":[{\"@type\":\"SearchAction\",\"target\":{\"@type\":\"EntryPoint\",\"urlTemplate\":\"https:\/\/www.totalproject.site\/?s={search_term_string}\"},\"query-input\":\"required name=search_term_string\"}],\"inLanguage\":\"es\"},{\"@type\":\"Organization\",\"@id\":\"https:\/\/www.totalproject.site\/#organization\",\"name\":\"Total Project\",\"url\":\"https:\/\/www.totalproject.site\/\",\"logo\":{\"@type\":\"ImageObject\",\"inLanguage\":\"es\",\"@id\":\"https:\/\/www.totalproject.site\/#\/schema\/logo\/image\/\",\"url\":\"https:\/\/www.totalproject.site\/wp-content\/uploads\/2024\/04\/totalproject_cabecera_color.png\",\"contentUrl\":\"https:\/\/www.totalproject.site\/wp-content\/uploads\/2024\/04\/totalproject_cabecera_color.png\",\"width\":340,\"height\":156,\"caption\":\"Total Project\"},\"image\":{\"@id\":\"https:\/\/www.totalproject.site\/#\/schema\/logo\/image\/\"}}]}<\/script>\n<!-- \/ Yoast SEO plugin. -->","yoast_head_json":{"title":"Logistics - Total Project","description":"Total Project offers comprehensive logistics management for industrial and energy projects, including transport, warehousing, port operations.","robots":{"index":"index","follow":"follow","max-snippet":"max-snippet:-1","max-image-preview":"max-image-preview:large","max-video-preview":"max-video-preview:-1"},"canonical":"https:\/\/www.totalproject.site\/es\/logistics\/","og_locale":"es_ES","og_type":"article","og_title":"Logistics - Total Project","og_description":"Total Project offers comprehensive logistics management for industrial and energy projects, including transport, warehousing, port operations.","og_url":"https:\/\/www.totalproject.site\/es\/logistics\/","og_site_name":"Total Project","article_modified_time":"2024-06-11T07:54:31+00:00","og_image":[{"url":"https:\/\/www.totalproject.site\/wp-content\/uploads\/2024\/04\/mundoblancoiconos3.png"}],"twitter_card":"summary_large_image","twitter_misc":{"Tiempo de lectura":"3 minutos"},"schema":{"@context":"https:\/\/schema.org","@graph":[{"@type":"WebPage","@id":"https:\/\/www.totalproject.site\/logistics\/","url":"https:\/\/www.totalproject.site\/logistics\/","name":"Logistics - Total Project","isPartOf":{"@id":"https:\/\/www.totalproject.site\/#website"},"primaryImageOfPage":{"@id":"https:\/\/www.totalproject.site\/logistics\/#primaryimage"},"image":{"@id":"https:\/\/www.totalproject.site\/logistics\/#primaryimage"},"thumbnailUrl":"https:\/\/www.totalproject.site\/wp-content\/uploads\/2024\/04\/mundoblancoiconos3.png","datePublished":"2024-04-02T10:36:59+00:00","dateModified":"2024-06-11T07:54:31+00:00","description":"Total Project offers comprehensive logistics management for industrial and energy projects, including transport, warehousing, port operations.","breadcrumb":{"@id":"https:\/\/www.totalproject.site\/logistics\/#breadcrumb"},"inLanguage":"es","potentialAction":[{"@type":"ReadAction","target":["https:\/\/www.totalproject.site\/logistics\/"]}]},{"@type":"ImageObject","inLanguage":"es","@id":"https:\/\/www.totalproject.site\/logistics\/#primaryimage","url":"https:\/\/www.totalproject.site\/wp-content\/uploads\/2024\/04\/mundoblancoiconos3.png","contentUrl":"https:\/\/www.totalproject.site\/wp-content\/uploads\/2024\/04\/mundoblancoiconos3.png"},{"@type":"BreadcrumbList","@id":"https:\/\/www.totalproject.site\/logistics\/#breadcrumb","itemListElement":[{"@type":"ListItem","position":1,"name":"Portada","item":"https:\/\/www.totalproject.site\/"},{"@type":"ListItem","position":2,"name":"Logistics"}]},{"@type":"WebSite","@id":"https:\/\/www.totalproject.site\/#website","url":"https:\/\/www.totalproject.site\/","name":"Total Project","description":"","publisher":{"@id":"https:\/\/www.totalproject.site\/#organization"},"potentialAction":[{"@type":"SearchAction","target":{"@type":"EntryPoint","urlTemplate":"https:\/\/www.totalproject.site\/?s={search_term_string}"},"query-input":"required name=search_term_string"}],"inLanguage":"es"},{"@type":"Organization","@id":"https:\/\/www.totalproject.site\/#organization","name":"Total Project","url":"https:\/\/www.totalproject.site\/","logo":{"@type":"ImageObject","inLanguage":"es","@id":"https:\/\/www.totalproject.site\/#\/schema\/logo\/image\/","url":"https:\/\/www.totalproject.site\/wp-content\/uploads\/2024\/04\/totalproject_cabecera_color.png","contentUrl":"https:\/\/www.totalproject.site\/wp-content\/uploads\/2024\/04\/totalproject_cabecera_color.png","width":340,"height":156,"caption":"Total Project"},"image":{"@id":"https:\/\/www.totalproject.site\/#\/schema\/logo\/image\/"}}]}},"_links":{"self":[{"href":"https:\/\/www.totalproject.site\/es\/wp-json\/wp\/v2\/pages\/317","targetHints":{"allow":["GET"]}}],"collection":[{"href":"https:\/\/www.totalproject.site\/es\/wp-json\/wp\/v2\/pages"}],"about":[{"href":"https:\/\/www.totalproject.site\/es\/wp-json\/wp\/v2\/types\/page"}],"author":[{"embeddable":true,"href":"https:\/\/www.totalproject.site\/es\/wp-json\/wp\/v2\/users\/1"}],"replies":[{"embeddable":true,"href":"https:\/\/www.totalproject.site\/es\/wp-json\/wp\/v2\/comments?post=317"}],"version-history":[{"count":13,"href":"https:\/\/www.totalproject.site\/es\/wp-json\/wp\/v2\/pages\/317\/revisions"}],"predecessor-version":[{"id":452,"href":"https:\/\/www.totalproject.site\/es\/wp-json\/wp\/v2\/pages\/317\/revisions\/452"}],"wp:attachment":[{"href":"https:\/\/www.totalproject.site\/es\/wp-json\/wp\/v2\/media?parent=317"}],"curies":[{"name":"wp","href":"https:\/\/api.w.org\/{rel}","templated":true}]}}