{"id":301,"date":"2024-04-02T10:29:30","date_gmt":"2024-04-02T10:29:30","guid":{"rendered":"https:\/\/www.totalproject.site\/?page_id=301"},"modified":"2024-06-11T10:37:57","modified_gmt":"2024-06-11T10:37:57","slug":"transport","status":"publish","type":"page","link":"https:\/\/www.totalproject.site\/es\/transport\/","title":{"rendered":"Transporte"},"content":{"rendered":"<div data-elementor-type=\"wp-page\" data-elementor-id=\"301\" class=\"elementor elementor-301\" data-elementor-post-type=\"page\">\n\t\t\t\t<div class=\"elementor-element elementor-element-1cdc7c5 e-con-full e-flex e-con e-parent\" data-id=\"1cdc7c5\" data-element_type=\"container\" data-settings=\"{&quot;background_background&quot;:&quot;classic&quot;}\" data-core-v316-plus=\"true\">\n\t\t<div class=\"elementor-element elementor-element-ceaec20 e-con-full e-flex e-con e-child\" data-id=\"ceaec20\" data-element_type=\"container\" data-settings=\"{&quot;background_background&quot;:&quot;classic&quot;}\">\n\t\t<div class=\"elementor-element elementor-element-cee92a3 e-con-full e-flex e-con e-child\" data-id=\"cee92a3\" data-element_type=\"container\" data-settings=\"{&quot;position&quot;:&quot;absolute&quot;}\">\n\t\t\t\t<div class=\"elementor-element elementor-element-7ea3e18 elementor-widget elementor-widget-text-editor\" data-id=\"7ea3e18\" data-element_type=\"widget\" data-widget_type=\"text-editor.default\">\n\t\t\t\t<div class=\"elementor-widget-container\">\n\t\t\t<style>\/*! elementor - v3.20.0 - 26-03-2024 *\/\n.elementor-widget-text-editor.elementor-drop-cap-view-stacked .elementor-drop-cap{background-color:#69727d;color:#fff}.elementor-widget-text-editor.elementor-drop-cap-view-framed .elementor-drop-cap{color:#69727d;border:3px solid;background-color:transparent}.elementor-widget-text-editor:not(.elementor-drop-cap-view-default) .elementor-drop-cap{margin-top:8px}.elementor-widget-text-editor:not(.elementor-drop-cap-view-default) .elementor-drop-cap-letter{width:1em;height:1em}.elementor-widget-text-editor .elementor-drop-cap{float:left;text-align:center;line-height:1;font-size:50px}.elementor-widget-text-editor .elementor-drop-cap-letter{display:inline-block}<\/style>\t\t\t\t<p>Creamos soluciones personalizadas que se adaptan a tus proyectos.<\/p>\t\t\t\t\t\t<\/div>\n\t\t\t\t<\/div>\n\t\t\t\t<\/div>\n\t\t\t\t<\/div>\n\t\t<div class=\"elementor-element elementor-element-26e1365 e-flex e-con-boxed e-con e-child\" data-id=\"26e1365\" data-element_type=\"container\" data-settings=\"{&quot;background_background&quot;:&quot;classic&quot;}\">\n\t\t\t\t\t<div class=\"e-con-inner\">\n\t\t<div class=\"elementor-element elementor-element-fa57a74 e-con-full e-flex e-con e-child\" data-id=\"fa57a74\" data-element_type=\"container\">\n\t\t\t\t<div class=\"elementor-element elementor-element-59e28f0 elementor-widget elementor-widget-image\" data-id=\"59e28f0\" data-element_type=\"widget\" data-widget_type=\"image.default\">\n\t\t\t\t<div class=\"elementor-widget-container\">\n\t\t\t<style>\/*! elementor - v3.20.0 - 26-03-2024 *\/\n.elementor-widget-image{text-align:center}.elementor-widget-image a{display:inline-block}.elementor-widget-image a img[src$=\".svg\"]{width:48px}.elementor-widget-image img{vertical-align:middle;display:inline-block}<\/style>\t\t\t\t\t\t\t\t\t\t<img fetchpriority=\"high\" decoding=\"async\" width=\"800\" height=\"800\" src=\"https:\/\/www.totalproject.site\/wp-content\/uploads\/2024\/04\/mundoblancoiconos3.png\" class=\"attachment-large size-large wp-image-122\" alt=\"logistics solutions\" srcset=\"https:\/\/www.totalproject.site\/wp-content\/uploads\/2024\/04\/mundoblancoiconos3.png 800w, https:\/\/www.totalproject.site\/wp-content\/uploads\/2024\/04\/mundoblancoiconos3-300x300.png 300w, https:\/\/www.totalproject.site\/wp-content\/uploads\/2024\/04\/mundoblancoiconos3-150x150.png 150w, https:\/\/www.totalproject.site\/wp-content\/uploads\/2024\/04\/mundoblancoiconos3-768x768.png 768w\" sizes=\"(max-width: 800px) 100vw, 800px\" \/>\t\t\t\t\t\t\t\t\t\t\t\t\t<\/div>\n\t\t\t\t<\/div>\n\t\t\t\t<\/div>\n\t\t<div class=\"elementor-element elementor-element-bf0ba43 e-con-full e-flex e-con e-child\" data-id=\"bf0ba43\" data-element_type=\"container\">\n\t\t\t\t<div class=\"elementor-element elementor-element-60419b0 elementor-widget elementor-widget-heading\" data-id=\"60419b0\" data-element_type=\"widget\" data-widget_type=\"heading.default\">\n\t\t\t\t<div class=\"elementor-widget-container\">\n\t\t\t<style>\/*! elementor - v3.20.0 - 26-03-2024 *\/\n.elementor-heading-title{padding:0;margin:0;line-height:1}.elementor-widget-heading .elementor-heading-title[class*=elementor-size-]>a{color:inherit;font-size:inherit;line-height:inherit}.elementor-widget-heading .elementor-heading-title.elementor-size-small{font-size:15px}.elementor-widget-heading .elementor-heading-title.elementor-size-medium{font-size:19px}.elementor-widget-heading .elementor-heading-title.elementor-size-large{font-size:29px}.elementor-widget-heading .elementor-heading-title.elementor-size-xl{font-size:39px}.elementor-widget-heading .elementor-heading-title.elementor-size-xxl{font-size:59px}<\/style><h3 class=\"elementor-heading-title elementor-size-default\">Gestionando tus <strong>transportes<\/strong>.<\/h3>\t\t<\/div>\n\t\t\t\t<\/div>\n\t\t\t\t<div class=\"elementor-element elementor-element-66fe5f7 elementor-widget elementor-widget-text-editor\" data-id=\"66fe5f7\" data-element_type=\"widget\" data-widget_type=\"text-editor.default\">\n\t\t\t\t<div class=\"elementor-widget-container\">\n\t\t\t\t\t\t\t<p>Creamos una soluci\u00f3n personalizada que se adapta a su negocio y cumple con sus objetivos y obligaciones internacionales. Ya sea que necesite adquirir y entregar cargas globales para un proyecto importante, transportar equipos de gran tama\u00f1o a un cliente extranjero o importar componentes clave para su negocio, no busque m\u00e1s que totalproject.<\/p><p>Mar\u00edtimo \u2013 Terrestre \u2013 A\u00e9reo \u2013 Ferroviario \u2013 Multimodal<\/p><p><a href=\"https:\/\/www.totalproject.site\/es\/\">M\u00e1s Informaci\u00f3n<\/a><\/p>\t\t\t\t\t\t<\/div>\n\t\t\t\t<\/div>\n\t\t\t\t<\/div>\n\t\t\t\t\t<\/div>\n\t\t\t\t<\/div>\n\t\t<div class=\"elementor-element elementor-element-2ec2ce5 e-con-full e-flex e-con e-child\" data-id=\"2ec2ce5\" data-element_type=\"container\" data-settings=\"{&quot;background_background&quot;:&quot;classic&quot;}\">\n\t\t<div class=\"elementor-element elementor-element-b07a67f e-flex e-con-boxed e-con e-child\" data-id=\"b07a67f\" data-element_type=\"container\">\n\t\t\t\t\t<div class=\"e-con-inner\">\n\t\t\t\t<div class=\"elementor-element elementor-element-5dc0c58 elementor-widget elementor-widget-heading\" data-id=\"5dc0c58\" data-element_type=\"widget\" data-widget_type=\"heading.default\">\n\t\t\t\t<div class=\"elementor-widget-container\">\n\t\t\t<h2 class=\"elementor-heading-title elementor-size-default\">El transporte mar\u00edtimo\n<\/h2>\t\t<\/div>\n\t\t\t\t<\/div>\n\t\t\t\t<div class=\"elementor-element elementor-element-af18528 elementor-widget elementor-widget-text-editor\" data-id=\"af18528\" data-element_type=\"widget\" data-widget_type=\"text-editor.default\">\n\t\t\t\t<div class=\"elementor-widget-container\">\n\t\t\t\t\t\t\t<p>Agilizaremos sus env\u00edos utilizando las rutas m\u00e1s r\u00e1pidas y econ\u00f3micas para su carga. Nuestra especializaci\u00f3n incluye movimiento de contenedores completos (FCL), cargas menores a contenedores (LCL), consolidaciones oce\u00e1nicas (NVOCC), carga fraccionada, RO-RO, fuera de medida, mercanc\u00edas peligrosas, productos perecederos y transporte de barcazas.<\/p><p>Trabajar en estrecha colaboraci\u00f3n con los principales transportistas de todo el mundo nos permite ofrecer una amplia gama de servicios de transporte mar\u00edtimo de carga flexibles y altamente competitivos. La solidez de nuestras relaciones y nuestra extensa red de socios nos permiten garantizar la capacidad y brindar la flexibilidad para adaptarnos a los vol\u00famenes fluctuantes de productos de manera r\u00e1pida y eficiente.<\/p><p>Nuestra experiencia en movimiento de contenedores completos (FCL) garantiza que sus cargas de contenedores completos se transporten con el m\u00e1ximo cuidado y eficiencia. Para env\u00edos m\u00e1s peque\u00f1os, nuestro servicio de cargas inferiores a un contenedor (LCL) proporciona soluciones de transporte rentables sin comprometer la velocidad o la confiabilidad. Ocean Consolidations (NVOCC) nos permite combinar m\u00faltiples env\u00edos m\u00e1s peque\u00f1os en un solo contenedor, optimizando los costos de transporte y garantizando entregas oportunas.<\/p><p>Somos expertos en el manejo de carga fraccionada, garantizando un transporte seguro y eficiente de art\u00edculos de gran tama\u00f1o o de forma irregular. Nuestros servicios de transporte RO-RO facilitan el movimiento de carga sobre ruedas, como veh\u00edculos y maquinaria. Con nuestras capacidades de transporte fuera de medida, gestionamos carga que excede las dimensiones est\u00e1ndar de los contenedores.<\/p><p>La manipulaci\u00f3n de mercanc\u00edas peligrosas requiere conocimientos especializados y estrictas medidas de seguridad. Nuestro equipo est\u00e1 bien equipado para gestionar estos transportes con cumplimiento y cuidado. Tambi\u00e9n proporcionamos transporte experto de productos perecederos, garantizando que los productos sensibles a la temperatura lleguen a su destino en \u00f3ptimas condiciones. Adem\u00e1s, nuestros servicios de transporte en barcazas ofrecen soluciones de v\u00edas navegables interiores flexibles y eficientes.<\/p><p>Nuestro compromiso con la excelencia y nuestra s\u00f3lida red de socios nos permiten ofrecer excelentes servicios de transporte mar\u00edtimo de carga adaptados a sus necesidades espec\u00edficas. Ya sea que transporte contenedores completos, cargas m\u00e1s peque\u00f1as o carga especializada, tenemos la experiencia y los recursos para garantizar que sus env\u00edos lleguen a tiempo y dentro del presupuesto.<\/p>\t\t\t\t\t\t<\/div>\n\t\t\t\t<\/div>\n\t\t\t\t\t<\/div>\n\t\t\t\t<\/div>\n\t\t\t\t<\/div>\n\t\t<div class=\"elementor-element elementor-element-cfe5507 e-con-full e-flex e-con e-child\" data-id=\"cfe5507\" data-element_type=\"container\" data-settings=\"{&quot;background_background&quot;:&quot;classic&quot;}\">\n\t\t<div class=\"elementor-element elementor-element-7614cc2 e-flex e-con-boxed e-con e-child\" data-id=\"7614cc2\" data-element_type=\"container\">\n\t\t\t\t\t<div class=\"e-con-inner\">\n\t\t\t\t<div class=\"elementor-element elementor-element-2b0e352 elementor-widget elementor-widget-heading\" data-id=\"2b0e352\" data-element_type=\"widget\" data-widget_type=\"heading.default\">\n\t\t\t\t<div class=\"elementor-widget-container\">\n\t\t\t<h2 class=\"elementor-heading-title elementor-size-default\">Flete por avi\u00f3n<\/h2>\t\t<\/div>\n\t\t\t\t<\/div>\n\t\t\t\t<div class=\"elementor-element elementor-element-bc5379c elementor-widget elementor-widget-text-editor\" data-id=\"bc5379c\" data-element_type=\"widget\" data-widget_type=\"text-editor.default\">\n\t\t\t\t<div class=\"elementor-widget-container\">\n\t\t\t\t\t\t\t<p>Cuando los proyectos est\u00e1n esperando sus cargas, podemos llevarlos a donde deben estar para que lleguen a tiempo. Somos su elecci\u00f3n para un servicio a\u00e9reo global r\u00e1pido y flexible<\/p><p>Ofrecemos una gama completa de soluciones para la cadena de suministro, con nuestro equipo global de transporte a\u00e9reo brindando soporte local en el punto de origen y en el punto de destino. Hacemos todo lo posible para garantizar que sus cargas lleguen de acuerdo con sus requisitos:<\/p><p>Servicio puerta a puerta a nivel mundial \u2013 Charter parcial y completo \u2013 Env\u00edos sobredimensionados \u2013 Servicio Express \u2013 Especialista en carga peligrosa<\/p><p>Cuando llega el momento, nuestra respuesta es el servicio Air Charter. Nuestros socios vuelan directamente de A a B, sin paradas en la ruta, lo que le brinda la flexibilidad que necesita.<\/p>\t\t\t\t\t\t<\/div>\n\t\t\t\t<\/div>\n\t\t\t\t\t<\/div>\n\t\t\t\t<\/div>\n\t\t\t\t<\/div>\n\t\t<div class=\"elementor-element elementor-element-8a602a3 e-con-full e-flex e-con e-child\" data-id=\"8a602a3\" data-element_type=\"container\" data-settings=\"{&quot;background_background&quot;:&quot;classic&quot;}\">\n\t\t<div class=\"elementor-element elementor-element-0618be6 e-flex e-con-boxed e-con e-child\" data-id=\"0618be6\" data-element_type=\"container\">\n\t\t\t\t\t<div class=\"e-con-inner\">\n\t\t\t\t<div class=\"elementor-element elementor-element-5e4807a elementor-widget elementor-widget-heading\" data-id=\"5e4807a\" data-element_type=\"widget\" data-widget_type=\"heading.default\">\n\t\t\t\t<div class=\"elementor-widget-container\">\n\t\t\t<h3 class=\"elementor-heading-title elementor-size-default\">Transporte por carretera<\/h3>\t\t<\/div>\n\t\t\t\t<\/div>\n\t\t\t\t<div class=\"elementor-element elementor-element-1226489 elementor-widget elementor-widget-text-editor\" data-id=\"1226489\" data-element_type=\"widget\" data-widget_type=\"text-editor.default\">\n\t\t\t\t<div class=\"elementor-widget-container\">\n\t\t\t\t\t\t\t<p>Ofrecemos soluciones para cubrir todas las necesidades habituales: Grupaje, Carga Completa y Parcial, Cargas Fuera de Ancho, Distribuci\u00f3n Nacional, Carga Completa en Tr\u00e1iler, Entrega de Pal\u00e9s y Entrega Parcial.<\/p><p>Esto incluye el transporte de equipos pesados \u200b\u200by sobredimensionados. Contamos con una amplia experiencia en la organizaci\u00f3n y ejecuci\u00f3n de transportes de equipos industriales, pesados \u200b\u200by de piezas fuera de calibre.<\/p><p>Obtenemos los permisos necesarios para el transporte con las autoridades locales. Realizamos la supervisi\u00f3n de las operaciones de carga y descarga en origen y destino y supervisamos la ejecuci\u00f3n del transporte. Estudios y planificaci\u00f3n de rutas, gesti\u00f3n del tr\u00e1fico y escoltas policiales, sujeci\u00f3n e inspecci\u00f3n de carga y servicios de gr\u00faas y aparejos.<\/p><p><a href=\"https:\/\/www.totallogistic.es\/\">Conozca nuestro sitio web principal.<\/a><\/p>\t\t\t\t\t\t<\/div>\n\t\t\t\t<\/div>\n\t\t\t\t\t<\/div>\n\t\t\t\t<\/div>\n\t\t\t\t<\/div>\n\t\t\t\t<\/div>\n\t\t\t\t<\/div>","protected":false},"excerpt":{"rendered":"<p>we create custom solutions that fits your projects Managing your movements. We create a custom solution that fits your business and accomplishes your international goals and obligations. Whether you need to procure and deliver global cargoes for a major project, transport oversized equipment to an overseas client or import key components for your business, look [&hellip;]<\/p>","protected":false},"author":1,"featured_media":0,"parent":0,"menu_order":0,"comment_status":"closed","ping_status":"closed","template":"elementor_header_footer","meta":{"footnotes":""},"class_list":["post-301","page","type-page","status-publish","hentry"],"yoast_head":"<!-- This site is optimized with the Yoast SEO plugin v22.8 - https:\/\/yoast.com\/wordpress\/plugins\/seo\/ -->\n<title>Transport - Total Project<\/title>\n<meta name=\"description\" content=\"Total Project&#039;s Transport services offer customized solutions for global cargo, oversized equipment, and key components.\" \/>\n<meta name=\"robots\" content=\"index, follow, max-snippet:-1, max-image-preview:large, max-video-preview:-1\" \/>\n<link rel=\"canonical\" href=\"https:\/\/www.totalproject.site\/es\/transport\/\" \/>\n<meta property=\"og:locale\" content=\"es_ES\" \/>\n<meta property=\"og:type\" content=\"article\" \/>\n<meta property=\"og:title\" content=\"Transport - Total Project\" \/>\n<meta property=\"og:description\" content=\"Total Project&#039;s Transport services offer customized solutions for global cargo, oversized equipment, and key components.\" \/>\n<meta property=\"og:url\" content=\"https:\/\/www.totalproject.site\/es\/transport\/\" \/>\n<meta property=\"og:site_name\" content=\"Total Project\" \/>\n<meta property=\"article:modified_time\" content=\"2024-06-11T10:37:57+00:00\" \/>\n<meta property=\"og:image\" content=\"https:\/\/www.totalproject.site\/wp-content\/uploads\/2024\/04\/mundoblancoiconos3.png\" \/>\n<meta name=\"twitter:card\" content=\"summary_large_image\" \/>\n<meta name=\"twitter:label1\" content=\"Tiempo de lectura\" \/>\n\t<meta name=\"twitter:data1\" content=\"3 minutos\" \/>\n<script type=\"application\/ld+json\" class=\"yoast-schema-graph\">{\"@context\":\"https:\/\/schema.org\",\"@graph\":[{\"@type\":\"WebPage\",\"@id\":\"https:\/\/www.totalproject.site\/transport\/\",\"url\":\"https:\/\/www.totalproject.site\/transport\/\",\"name\":\"Transport - Total Project\",\"isPartOf\":{\"@id\":\"https:\/\/www.totalproject.site\/#website\"},\"primaryImageOfPage\":{\"@id\":\"https:\/\/www.totalproject.site\/transport\/#primaryimage\"},\"image\":{\"@id\":\"https:\/\/www.totalproject.site\/transport\/#primaryimage\"},\"thumbnailUrl\":\"https:\/\/www.totalproject.site\/wp-content\/uploads\/2024\/04\/mundoblancoiconos3.png\",\"datePublished\":\"2024-04-02T10:29:30+00:00\",\"dateModified\":\"2024-06-11T10:37:57+00:00\",\"description\":\"Total Project's Transport services offer customized solutions for global cargo, oversized equipment, and key components.\",\"breadcrumb\":{\"@id\":\"https:\/\/www.totalproject.site\/transport\/#breadcrumb\"},\"inLanguage\":\"es\",\"potentialAction\":[{\"@type\":\"ReadAction\",\"target\":[\"https:\/\/www.totalproject.site\/transport\/\"]}]},{\"@type\":\"ImageObject\",\"inLanguage\":\"es\",\"@id\":\"https:\/\/www.totalproject.site\/transport\/#primaryimage\",\"url\":\"https:\/\/www.totalproject.site\/wp-content\/uploads\/2024\/04\/mundoblancoiconos3.png\",\"contentUrl\":\"https:\/\/www.totalproject.site\/wp-content\/uploads\/2024\/04\/mundoblancoiconos3.png\"},{\"@type\":\"BreadcrumbList\",\"@id\":\"https:\/\/www.totalproject.site\/transport\/#breadcrumb\",\"itemListElement\":[{\"@type\":\"ListItem\",\"position\":1,\"name\":\"Portada\",\"item\":\"https:\/\/www.totalproject.site\/\"},{\"@type\":\"ListItem\",\"position\":2,\"name\":\"Transport\"}]},{\"@type\":\"WebSite\",\"@id\":\"https:\/\/www.totalproject.site\/#website\",\"url\":\"https:\/\/www.totalproject.site\/\",\"name\":\"Total Project\",\"description\":\"\",\"publisher\":{\"@id\":\"https:\/\/www.totalproject.site\/#organization\"},\"potentialAction\":[{\"@type\":\"SearchAction\",\"target\":{\"@type\":\"EntryPoint\",\"urlTemplate\":\"https:\/\/www.totalproject.site\/?s={search_term_string}\"},\"query-input\":\"required name=search_term_string\"}],\"inLanguage\":\"es\"},{\"@type\":\"Organization\",\"@id\":\"https:\/\/www.totalproject.site\/#organization\",\"name\":\"Total Project\",\"url\":\"https:\/\/www.totalproject.site\/\",\"logo\":{\"@type\":\"ImageObject\",\"inLanguage\":\"es\",\"@id\":\"https:\/\/www.totalproject.site\/#\/schema\/logo\/image\/\",\"url\":\"https:\/\/www.totalproject.site\/wp-content\/uploads\/2024\/04\/totalproject_cabecera_color.png\",\"contentUrl\":\"https:\/\/www.totalproject.site\/wp-content\/uploads\/2024\/04\/totalproject_cabecera_color.png\",\"width\":340,\"height\":156,\"caption\":\"Total Project\"},\"image\":{\"@id\":\"https:\/\/www.totalproject.site\/#\/schema\/logo\/image\/\"}}]}<\/script>\n<!-- \/ Yoast SEO plugin. -->","yoast_head_json":{"title":"Transport - Total Project","description":"Total Project's Transport services offer customized solutions for global cargo, oversized equipment, and key components.","robots":{"index":"index","follow":"follow","max-snippet":"max-snippet:-1","max-image-preview":"max-image-preview:large","max-video-preview":"max-video-preview:-1"},"canonical":"https:\/\/www.totalproject.site\/es\/transport\/","og_locale":"es_ES","og_type":"article","og_title":"Transport - Total Project","og_description":"Total Project's Transport services offer customized solutions for global cargo, oversized equipment, and key components.","og_url":"https:\/\/www.totalproject.site\/es\/transport\/","og_site_name":"Total Project","article_modified_time":"2024-06-11T10:37:57+00:00","og_image":[{"url":"https:\/\/www.totalproject.site\/wp-content\/uploads\/2024\/04\/mundoblancoiconos3.png"}],"twitter_card":"summary_large_image","twitter_misc":{"Tiempo de lectura":"3 minutos"},"schema":{"@context":"https:\/\/schema.org","@graph":[{"@type":"WebPage","@id":"https:\/\/www.totalproject.site\/transport\/","url":"https:\/\/www.totalproject.site\/transport\/","name":"Transport - Total Project","isPartOf":{"@id":"https:\/\/www.totalproject.site\/#website"},"primaryImageOfPage":{"@id":"https:\/\/www.totalproject.site\/transport\/#primaryimage"},"image":{"@id":"https:\/\/www.totalproject.site\/transport\/#primaryimage"},"thumbnailUrl":"https:\/\/www.totalproject.site\/wp-content\/uploads\/2024\/04\/mundoblancoiconos3.png","datePublished":"2024-04-02T10:29:30+00:00","dateModified":"2024-06-11T10:37:57+00:00","description":"Total Project's Transport services offer customized solutions for global cargo, oversized equipment, and key components.","breadcrumb":{"@id":"https:\/\/www.totalproject.site\/transport\/#breadcrumb"},"inLanguage":"es","potentialAction":[{"@type":"ReadAction","target":["https:\/\/www.totalproject.site\/transport\/"]}]},{"@type":"ImageObject","inLanguage":"es","@id":"https:\/\/www.totalproject.site\/transport\/#primaryimage","url":"https:\/\/www.totalproject.site\/wp-content\/uploads\/2024\/04\/mundoblancoiconos3.png","contentUrl":"https:\/\/www.totalproject.site\/wp-content\/uploads\/2024\/04\/mundoblancoiconos3.png"},{"@type":"BreadcrumbList","@id":"https:\/\/www.totalproject.site\/transport\/#breadcrumb","itemListElement":[{"@type":"ListItem","position":1,"name":"Portada","item":"https:\/\/www.totalproject.site\/"},{"@type":"ListItem","position":2,"name":"Transport"}]},{"@type":"WebSite","@id":"https:\/\/www.totalproject.site\/#website","url":"https:\/\/www.totalproject.site\/","name":"Total Project","description":"","publisher":{"@id":"https:\/\/www.totalproject.site\/#organization"},"potentialAction":[{"@type":"SearchAction","target":{"@type":"EntryPoint","urlTemplate":"https:\/\/www.totalproject.site\/?s={search_term_string}"},"query-input":"required name=search_term_string"}],"inLanguage":"es"},{"@type":"Organization","@id":"https:\/\/www.totalproject.site\/#organization","name":"Total Project","url":"https:\/\/www.totalproject.site\/","logo":{"@type":"ImageObject","inLanguage":"es","@id":"https:\/\/www.totalproject.site\/#\/schema\/logo\/image\/","url":"https:\/\/www.totalproject.site\/wp-content\/uploads\/2024\/04\/totalproject_cabecera_color.png","contentUrl":"https:\/\/www.totalproject.site\/wp-content\/uploads\/2024\/04\/totalproject_cabecera_color.png","width":340,"height":156,"caption":"Total Project"},"image":{"@id":"https:\/\/www.totalproject.site\/#\/schema\/logo\/image\/"}}]}},"_links":{"self":[{"href":"https:\/\/www.totalproject.site\/es\/wp-json\/wp\/v2\/pages\/301","targetHints":{"allow":["GET"]}}],"collection":[{"href":"https:\/\/www.totalproject.site\/es\/wp-json\/wp\/v2\/pages"}],"about":[{"href":"https:\/\/www.totalproject.site\/es\/wp-json\/wp\/v2\/types\/page"}],"author":[{"embeddable":true,"href":"https:\/\/www.totalproject.site\/es\/wp-json\/wp\/v2\/users\/1"}],"replies":[{"embeddable":true,"href":"https:\/\/www.totalproject.site\/es\/wp-json\/wp\/v2\/comments?post=301"}],"version-history":[{"count":25,"href":"https:\/\/www.totalproject.site\/es\/wp-json\/wp\/v2\/pages\/301\/revisions"}],"predecessor-version":[{"id":548,"href":"https:\/\/www.totalproject.site\/es\/wp-json\/wp\/v2\/pages\/301\/revisions\/548"}],"wp:attachment":[{"href":"https:\/\/www.totalproject.site\/es\/wp-json\/wp\/v2\/media?parent=301"}],"curies":[{"name":"wp","href":"https:\/\/api.w.org\/{rel}","templated":true}]}}