{"id":285,"date":"2024-04-02T10:23:29","date_gmt":"2024-04-02T10:23:29","guid":{"rendered":"https:\/\/www.totalproject.site\/?page_id=285"},"modified":"2024-06-11T10:11:48","modified_gmt":"2024-06-11T10:11:48","slug":"port-operations","status":"publish","type":"page","link":"https:\/\/www.totalproject.site\/es\/port-operations\/","title":{"rendered":"Operaciones Portuarias"},"content":{"rendered":"<div data-elementor-type=\"wp-page\" data-elementor-id=\"285\" class=\"elementor elementor-285\" data-elementor-post-type=\"page\">\n\t\t\t\t<div class=\"elementor-element elementor-element-1218fc4 e-con-full e-flex e-con e-parent\" data-id=\"1218fc4\" data-element_type=\"container\" data-settings=\"{&quot;background_background&quot;:&quot;classic&quot;}\" data-core-v316-plus=\"true\">\n\t\t<div class=\"elementor-element elementor-element-b38bd23 e-con-full e-flex e-con e-child\" data-id=\"b38bd23\" data-element_type=\"container\" data-settings=\"{&quot;background_background&quot;:&quot;classic&quot;}\">\n\t\t<div class=\"elementor-element elementor-element-8710404 e-con-full e-flex e-con e-child\" data-id=\"8710404\" data-element_type=\"container\" data-settings=\"{&quot;position&quot;:&quot;absolute&quot;}\">\n\t\t\t\t<div class=\"elementor-element elementor-element-c4f42d5 elementor-widget elementor-widget-text-editor\" data-id=\"c4f42d5\" data-element_type=\"widget\" data-widget_type=\"text-editor.default\">\n\t\t\t\t<div class=\"elementor-widget-container\">\n\t\t\t<style>\/*! elementor - v3.20.0 - 26-03-2024 *\/\n.elementor-widget-text-editor.elementor-drop-cap-view-stacked .elementor-drop-cap{background-color:#69727d;color:#fff}.elementor-widget-text-editor.elementor-drop-cap-view-framed .elementor-drop-cap{color:#69727d;border:3px solid;background-color:transparent}.elementor-widget-text-editor:not(.elementor-drop-cap-view-default) .elementor-drop-cap{margin-top:8px}.elementor-widget-text-editor:not(.elementor-drop-cap-view-default) .elementor-drop-cap-letter{width:1em;height:1em}.elementor-widget-text-editor .elementor-drop-cap{float:left;text-align:center;line-height:1;font-size:50px}.elementor-widget-text-editor .elementor-drop-cap-letter{display:inline-block}<\/style>\t\t\t\t<p>Somos el arquitecto de tu proyecto log\u00edstico<\/p>\t\t\t\t\t\t<\/div>\n\t\t\t\t<\/div>\n\t\t\t\t<\/div>\n\t\t\t\t<\/div>\n\t\t<div class=\"elementor-element elementor-element-8987bb4 e-flex e-con-boxed e-con e-child\" data-id=\"8987bb4\" data-element_type=\"container\" data-settings=\"{&quot;background_background&quot;:&quot;classic&quot;}\">\n\t\t\t\t\t<div class=\"e-con-inner\">\n\t\t<div class=\"elementor-element elementor-element-16c4fcb e-con-full e-flex e-con e-child\" data-id=\"16c4fcb\" data-element_type=\"container\">\n\t\t\t\t<div class=\"elementor-element elementor-element-a01a8e7 elementor-widget elementor-widget-image\" data-id=\"a01a8e7\" data-element_type=\"widget\" data-widget_type=\"image.default\">\n\t\t\t\t<div class=\"elementor-widget-container\">\n\t\t\t<style>\/*! elementor - v3.20.0 - 26-03-2024 *\/\n.elementor-widget-image{text-align:center}.elementor-widget-image a{display:inline-block}.elementor-widget-image a img[src$=\".svg\"]{width:48px}.elementor-widget-image img{vertical-align:middle;display:inline-block}<\/style>\t\t\t\t\t\t\t\t\t\t<img fetchpriority=\"high\" decoding=\"async\" width=\"800\" height=\"800\" src=\"https:\/\/www.totalproject.site\/wp-content\/uploads\/2024\/04\/mundoblancoiconos3.png\" class=\"attachment-large size-large wp-image-122\" alt=\"logistics solutions\" srcset=\"https:\/\/www.totalproject.site\/wp-content\/uploads\/2024\/04\/mundoblancoiconos3.png 800w, https:\/\/www.totalproject.site\/wp-content\/uploads\/2024\/04\/mundoblancoiconos3-300x300.png 300w, https:\/\/www.totalproject.site\/wp-content\/uploads\/2024\/04\/mundoblancoiconos3-150x150.png 150w, https:\/\/www.totalproject.site\/wp-content\/uploads\/2024\/04\/mundoblancoiconos3-768x768.png 768w\" sizes=\"(max-width: 800px) 100vw, 800px\" \/>\t\t\t\t\t\t\t\t\t\t\t\t\t<\/div>\n\t\t\t\t<\/div>\n\t\t\t\t<\/div>\n\t\t<div class=\"elementor-element elementor-element-453b51e e-con-full e-flex e-con e-child\" data-id=\"453b51e\" data-element_type=\"container\">\n\t\t\t\t<div class=\"elementor-element elementor-element-4df03f5 elementor-widget elementor-widget-heading\" data-id=\"4df03f5\" data-element_type=\"widget\" data-widget_type=\"heading.default\">\n\t\t\t\t<div class=\"elementor-widget-container\">\n\t\t\t<style>\/*! elementor - v3.20.0 - 26-03-2024 *\/\n.elementor-heading-title{padding:0;margin:0;line-height:1}.elementor-widget-heading .elementor-heading-title[class*=elementor-size-]>a{color:inherit;font-size:inherit;line-height:inherit}.elementor-widget-heading .elementor-heading-title.elementor-size-small{font-size:15px}.elementor-widget-heading .elementor-heading-title.elementor-size-medium{font-size:19px}.elementor-widget-heading .elementor-heading-title.elementor-size-large{font-size:29px}.elementor-widget-heading .elementor-heading-title.elementor-size-xl{font-size:39px}.elementor-widget-heading .elementor-heading-title.elementor-size-xxl{font-size:59px}<\/style><h3 class=\"elementor-heading-title elementor-size-default\">El manejo con <strong>cuidado<\/strong>.<\/h3>\t\t<\/div>\n\t\t\t\t<\/div>\n\t\t\t\t<div class=\"elementor-element elementor-element-99b5b72 elementor-widget elementor-widget-text-editor\" data-id=\"99b5b72\" data-element_type=\"widget\" data-widget_type=\"text-editor.default\">\n\t\t\t\t<div class=\"elementor-widget-container\">\n\t\t\t\t\t\t\t<p>M\u00e1s de 100 a\u00f1os de experiencia en la manipulaci\u00f3n de cargas en los puertos espa\u00f1oles nos aportan los recursos y el know-how para tratar cualquier tipo de buque y carga: heavylift, breakbulk, RO-RO, contenedores, etc.<\/p><p>\u00a1La productividad, un alto sentido de conciencia y cultura de seguridad, los tiempos de respuesta m\u00e1s cortos posibles y la atenci\u00f3n personalizada son nuestros puntos fuertes!<\/p>\t\t\t\t\t\t<\/div>\n\t\t\t\t<\/div>\n\t\t\t\t<\/div>\n\t\t\t\t\t<\/div>\n\t\t\t\t<\/div>\n\t\t<div class=\"elementor-element elementor-element-b05d86c e-con-full e-flex e-con e-child\" data-id=\"b05d86c\" data-element_type=\"container\" data-settings=\"{&quot;background_background&quot;:&quot;classic&quot;}\">\n\t\t<div class=\"elementor-element elementor-element-2bc9a00 e-flex e-con-boxed e-con e-child\" data-id=\"2bc9a00\" data-element_type=\"container\">\n\t\t\t\t\t<div class=\"e-con-inner\">\n\t\t\t\t<div class=\"elementor-element elementor-element-4fb33da elementor-widget elementor-widget-heading\" data-id=\"4fb33da\" data-element_type=\"widget\" data-widget_type=\"heading.default\">\n\t\t\t\t<div class=\"elementor-widget-container\">\n\t\t\t<h2 class=\"elementor-heading-title elementor-size-default\"><strong>Equipo<\/strong> experto\n<\/h2>\t\t<\/div>\n\t\t\t\t<\/div>\n\t\t\t\t<div class=\"elementor-element elementor-element-e048bb0 elementor-widget elementor-widget-text-editor\" data-id=\"e048bb0\" data-element_type=\"widget\" data-widget_type=\"text-editor.default\">\n\t\t\t\t<div class=\"elementor-widget-container\">\n\t\t\t\t\t\t\t<p>A trav\u00e9s de nuestros empleados profesionalmente capacitados, capacitados, experimentados y comprometidos que tienen acceso al equipo certificado necesario, \u00a1ninguna carga o equipo es demasiado grande, pesado o extraordinario para manejar!<\/p><p><a href=\"https:\/\/www.totalproject.site\/es\/\">M\u00e1s Informaci\u00f3n<\/a><\/p>\t\t\t\t\t\t<\/div>\n\t\t\t\t<\/div>\n\t\t\t\t\t<\/div>\n\t\t\t\t<\/div>\n\t\t\t\t<\/div>\n\t\t<div class=\"elementor-element elementor-element-00829d5 e-con-full e-flex e-con e-child\" data-id=\"00829d5\" data-element_type=\"container\" data-settings=\"{&quot;background_background&quot;:&quot;classic&quot;}\">\n\t\t<div class=\"elementor-element elementor-element-07b211c e-flex e-con-boxed e-con e-child\" data-id=\"07b211c\" data-element_type=\"container\">\n\t\t\t\t\t<div class=\"e-con-inner\">\n\t\t\t\t<div class=\"elementor-element elementor-element-cb3e32b elementor-widget elementor-widget-heading\" data-id=\"cb3e32b\" data-element_type=\"widget\" data-widget_type=\"heading.default\">\n\t\t\t\t<div class=\"elementor-widget-container\">\n\t\t\t<h2 class=\"elementor-heading-title elementor-size-default\">Expertos en operaciones portuarias<\/h2>\t\t<\/div>\n\t\t\t\t<\/div>\n\t\t\t\t<div class=\"elementor-element elementor-element-7d93a5a elementor-widget elementor-widget-text-editor\" data-id=\"7d93a5a\" data-element_type=\"widget\" data-widget_type=\"text-editor.default\">\n\t\t\t\t<div class=\"elementor-widget-container\">\n\t\t\t\t\t\t\t<div class=\"flex-shrink-0 flex flex-col relative items-end\"><div><div class=\"pt-0.5 juice:pt-0\"><div class=\"gizmo-bot-avatar flex h-6 w-6 items-center justify-center overflow-hidden rounded-full juice:h-8 juice:w-8\"><div class=\"relative p-1 rounded-sm flex items-center justify-center bg-token-main-surface-primary text-token-text-primary h-8 w-8\">\u00a0<\/div><\/div><\/div><\/div><\/div><div class=\"group\/conversation-turn relative flex w-full min-w-0 flex-col agent-turn\"><div class=\"flex-col gap-1 md:gap-3\"><div class=\"flex flex-grow flex-col max-w-full\"><div class=\"min-h-[20px] text-message flex flex-col items-start whitespace-pre-wrap break-words [.text-message+&amp;]:mt-5 juice:w-full juice:items-end overflow-x-auto gap-2\" dir=\"auto\" data-message-author-role=\"assistant\" data-message-id=\"be12fb98-43a1-4a6f-9de8-aadee8c41683\"><div class=\"flex w-full flex-col gap-1 juice:empty:hidden juice:first:pt-[3px]\"><div class=\"markdown prose w-full break-words dark:prose-invert light\"><p>Somos expertos en Operaciones Portuarias, capaces de manejar eficientemente todo tipo de carga que se mueve por los puertos que operamos. Nos especializamos en cargas relacionadas con proyectos como petr\u00f3leo y gas, costa afuera, dragado y equipos energ\u00e9ticos. Nuestra experiencia garantiza que gestionemos estos env\u00edos complejos y de gran tama\u00f1o con precisi\u00f3n y cuidado.<\/p><p>En el centro de nuestras actividades se encuentra nuestro incansable compromiso de brindar servicios de la m\u00e1s alta calidad. Nos esforzamos por satisfacer las necesidades espec\u00edficas de nuestros clientes aprovechando la amplia infraestructura disponible para nosotros. Nuestras instalaciones de \u00faltima generaci\u00f3n y nuestro equipo de manipulaci\u00f3n avanzado nos permiten gestionar todos los aspectos del procesamiento de carga sin problemas. Esto garantiza operaciones oportunas y eficientes.<\/p><p>Nuestro equipo de profesionales experimentados est\u00e1 dedicado a la excelencia. Mejoramos continuamente nuestros procesos para mantener los m\u00e1s altos est\u00e1ndares de servicio. Entendemos la naturaleza cr\u00edtica de las cargas del proyecto y la importancia de la entrega oportuna. Por ello, priorizamos la eficiencia y confiabilidad en cada aspecto de nuestros servicios.<\/p><p>En resumen, nuestro enfoque especializado en el manejo de cargas relacionadas con proyectos, sumado a nuestro compromiso con la calidad y una amplia infraestructura, nos posiciona como l\u00edder en la industria. Estamos dedicados a cumplir y superar las expectativas de nuestros clientes. Nos aseguramos de que sus cargas sean manipuladas con el m\u00e1ximo cuidado y precisi\u00f3n.<\/p><\/div><\/div><\/div><\/div><\/div><\/div><pre id=\"tw-target-text\" class=\"tw-data-text tw-text-large tw-ta\" dir=\"ltr\" data-placeholder=\"Traducci\u00f3n\" aria-label=\"Texto traducido\" data-ved=\"2ahUKEwjB2uPSotOGAxXvbvEDHVf9AYUQ3ewLegQIEhAU\"><span class=\"Y2IQFc\" lang=\"en\">Conoce nuestra <a href=\"https:\/\/www.totallogistic.es\/\">sitio web principal.<\/a><\/span><\/pre>\t\t\t\t\t\t<\/div>\n\t\t\t\t<\/div>\n\t\t\t\t\t<\/div>\n\t\t\t\t<\/div>\n\t\t\t\t<\/div>\n\t\t\t\t<\/div>\n\t\t\t\t<\/div>","protected":false},"excerpt":{"rendered":"<p>We are the architect of your logistics project The handling with care. More than 100 years of experience in the handling of cargoes in the Spanish ports gives us the resources and know-how to deal with any type of vessel and cargo: heavylift, breakbulk, RO-RO, containers, etc. Productivity, a high sense of safety awareness and [&hellip;]<\/p>","protected":false},"author":1,"featured_media":0,"parent":0,"menu_order":0,"comment_status":"closed","ping_status":"closed","template":"elementor_header_footer","meta":{"footnotes":""},"class_list":["post-285","page","type-page","status-publish","hentry"],"yoast_head":"<!-- This site is optimized with the Yoast SEO plugin v22.8 - https:\/\/yoast.com\/wordpress\/plugins\/seo\/ -->\n<title>Port Operations - Total Project<\/title>\n<meta name=\"description\" content=\"Offers efficient port operations for project cargo handling, including loading, unloading, storage, and customs clearance.\" \/>\n<meta name=\"robots\" content=\"index, follow, max-snippet:-1, max-image-preview:large, max-video-preview:-1\" \/>\n<link rel=\"canonical\" href=\"https:\/\/www.totalproject.site\/es\/port-operations\/\" \/>\n<meta property=\"og:locale\" content=\"es_ES\" \/>\n<meta property=\"og:type\" content=\"article\" \/>\n<meta property=\"og:title\" content=\"Port Operations - Total Project\" \/>\n<meta property=\"og:description\" content=\"Offers efficient port operations for project cargo handling, including loading, unloading, storage, and customs clearance.\" \/>\n<meta property=\"og:url\" content=\"https:\/\/www.totalproject.site\/es\/port-operations\/\" \/>\n<meta property=\"og:site_name\" content=\"Total Project\" \/>\n<meta property=\"article:modified_time\" content=\"2024-06-11T10:11:48+00:00\" \/>\n<meta property=\"og:image\" content=\"https:\/\/www.totalproject.site\/wp-content\/uploads\/2024\/04\/mundoblancoiconos3.png\" \/>\n<meta name=\"twitter:card\" content=\"summary_large_image\" \/>\n<meta name=\"twitter:label1\" content=\"Tiempo de lectura\" \/>\n\t<meta name=\"twitter:data1\" content=\"2 minutos\" \/>\n<script type=\"application\/ld+json\" class=\"yoast-schema-graph\">{\"@context\":\"https:\/\/schema.org\",\"@graph\":[{\"@type\":\"WebPage\",\"@id\":\"https:\/\/www.totalproject.site\/port-operations\/\",\"url\":\"https:\/\/www.totalproject.site\/port-operations\/\",\"name\":\"Port Operations - Total Project\",\"isPartOf\":{\"@id\":\"https:\/\/www.totalproject.site\/#website\"},\"primaryImageOfPage\":{\"@id\":\"https:\/\/www.totalproject.site\/port-operations\/#primaryimage\"},\"image\":{\"@id\":\"https:\/\/www.totalproject.site\/port-operations\/#primaryimage\"},\"thumbnailUrl\":\"https:\/\/www.totalproject.site\/wp-content\/uploads\/2024\/04\/mundoblancoiconos3.png\",\"datePublished\":\"2024-04-02T10:23:29+00:00\",\"dateModified\":\"2024-06-11T10:11:48+00:00\",\"description\":\"Offers efficient port operations for project cargo handling, including loading, unloading, storage, and customs clearance.\",\"breadcrumb\":{\"@id\":\"https:\/\/www.totalproject.site\/port-operations\/#breadcrumb\"},\"inLanguage\":\"es\",\"potentialAction\":[{\"@type\":\"ReadAction\",\"target\":[\"https:\/\/www.totalproject.site\/port-operations\/\"]}]},{\"@type\":\"ImageObject\",\"inLanguage\":\"es\",\"@id\":\"https:\/\/www.totalproject.site\/port-operations\/#primaryimage\",\"url\":\"https:\/\/www.totalproject.site\/wp-content\/uploads\/2024\/04\/mundoblancoiconos3.png\",\"contentUrl\":\"https:\/\/www.totalproject.site\/wp-content\/uploads\/2024\/04\/mundoblancoiconos3.png\"},{\"@type\":\"BreadcrumbList\",\"@id\":\"https:\/\/www.totalproject.site\/port-operations\/#breadcrumb\",\"itemListElement\":[{\"@type\":\"ListItem\",\"position\":1,\"name\":\"Portada\",\"item\":\"https:\/\/www.totalproject.site\/\"},{\"@type\":\"ListItem\",\"position\":2,\"name\":\"Port Operations\"}]},{\"@type\":\"WebSite\",\"@id\":\"https:\/\/www.totalproject.site\/#website\",\"url\":\"https:\/\/www.totalproject.site\/\",\"name\":\"Total Project\",\"description\":\"\",\"publisher\":{\"@id\":\"https:\/\/www.totalproject.site\/#organization\"},\"potentialAction\":[{\"@type\":\"SearchAction\",\"target\":{\"@type\":\"EntryPoint\",\"urlTemplate\":\"https:\/\/www.totalproject.site\/?s={search_term_string}\"},\"query-input\":\"required name=search_term_string\"}],\"inLanguage\":\"es\"},{\"@type\":\"Organization\",\"@id\":\"https:\/\/www.totalproject.site\/#organization\",\"name\":\"Total Project\",\"url\":\"https:\/\/www.totalproject.site\/\",\"logo\":{\"@type\":\"ImageObject\",\"inLanguage\":\"es\",\"@id\":\"https:\/\/www.totalproject.site\/#\/schema\/logo\/image\/\",\"url\":\"https:\/\/www.totalproject.site\/wp-content\/uploads\/2024\/04\/totalproject_cabecera_color.png\",\"contentUrl\":\"https:\/\/www.totalproject.site\/wp-content\/uploads\/2024\/04\/totalproject_cabecera_color.png\",\"width\":340,\"height\":156,\"caption\":\"Total Project\"},\"image\":{\"@id\":\"https:\/\/www.totalproject.site\/#\/schema\/logo\/image\/\"}}]}<\/script>\n<!-- \/ Yoast SEO plugin. -->","yoast_head_json":{"title":"Port Operations - Total Project","description":"Offers efficient port operations for project cargo handling, including loading, unloading, storage, and customs clearance.","robots":{"index":"index","follow":"follow","max-snippet":"max-snippet:-1","max-image-preview":"max-image-preview:large","max-video-preview":"max-video-preview:-1"},"canonical":"https:\/\/www.totalproject.site\/es\/port-operations\/","og_locale":"es_ES","og_type":"article","og_title":"Port Operations - Total Project","og_description":"Offers efficient port operations for project cargo handling, including loading, unloading, storage, and customs clearance.","og_url":"https:\/\/www.totalproject.site\/es\/port-operations\/","og_site_name":"Total Project","article_modified_time":"2024-06-11T10:11:48+00:00","og_image":[{"url":"https:\/\/www.totalproject.site\/wp-content\/uploads\/2024\/04\/mundoblancoiconos3.png"}],"twitter_card":"summary_large_image","twitter_misc":{"Tiempo de lectura":"2 minutos"},"schema":{"@context":"https:\/\/schema.org","@graph":[{"@type":"WebPage","@id":"https:\/\/www.totalproject.site\/port-operations\/","url":"https:\/\/www.totalproject.site\/port-operations\/","name":"Port Operations - Total Project","isPartOf":{"@id":"https:\/\/www.totalproject.site\/#website"},"primaryImageOfPage":{"@id":"https:\/\/www.totalproject.site\/port-operations\/#primaryimage"},"image":{"@id":"https:\/\/www.totalproject.site\/port-operations\/#primaryimage"},"thumbnailUrl":"https:\/\/www.totalproject.site\/wp-content\/uploads\/2024\/04\/mundoblancoiconos3.png","datePublished":"2024-04-02T10:23:29+00:00","dateModified":"2024-06-11T10:11:48+00:00","description":"Offers efficient port operations for project cargo handling, including loading, unloading, storage, and customs clearance.","breadcrumb":{"@id":"https:\/\/www.totalproject.site\/port-operations\/#breadcrumb"},"inLanguage":"es","potentialAction":[{"@type":"ReadAction","target":["https:\/\/www.totalproject.site\/port-operations\/"]}]},{"@type":"ImageObject","inLanguage":"es","@id":"https:\/\/www.totalproject.site\/port-operations\/#primaryimage","url":"https:\/\/www.totalproject.site\/wp-content\/uploads\/2024\/04\/mundoblancoiconos3.png","contentUrl":"https:\/\/www.totalproject.site\/wp-content\/uploads\/2024\/04\/mundoblancoiconos3.png"},{"@type":"BreadcrumbList","@id":"https:\/\/www.totalproject.site\/port-operations\/#breadcrumb","itemListElement":[{"@type":"ListItem","position":1,"name":"Portada","item":"https:\/\/www.totalproject.site\/"},{"@type":"ListItem","position":2,"name":"Port Operations"}]},{"@type":"WebSite","@id":"https:\/\/www.totalproject.site\/#website","url":"https:\/\/www.totalproject.site\/","name":"Total Project","description":"","publisher":{"@id":"https:\/\/www.totalproject.site\/#organization"},"potentialAction":[{"@type":"SearchAction","target":{"@type":"EntryPoint","urlTemplate":"https:\/\/www.totalproject.site\/?s={search_term_string}"},"query-input":"required name=search_term_string"}],"inLanguage":"es"},{"@type":"Organization","@id":"https:\/\/www.totalproject.site\/#organization","name":"Total Project","url":"https:\/\/www.totalproject.site\/","logo":{"@type":"ImageObject","inLanguage":"es","@id":"https:\/\/www.totalproject.site\/#\/schema\/logo\/image\/","url":"https:\/\/www.totalproject.site\/wp-content\/uploads\/2024\/04\/totalproject_cabecera_color.png","contentUrl":"https:\/\/www.totalproject.site\/wp-content\/uploads\/2024\/04\/totalproject_cabecera_color.png","width":340,"height":156,"caption":"Total Project"},"image":{"@id":"https:\/\/www.totalproject.site\/#\/schema\/logo\/image\/"}}]}},"_links":{"self":[{"href":"https:\/\/www.totalproject.site\/es\/wp-json\/wp\/v2\/pages\/285","targetHints":{"allow":["GET"]}}],"collection":[{"href":"https:\/\/www.totalproject.site\/es\/wp-json\/wp\/v2\/pages"}],"about":[{"href":"https:\/\/www.totalproject.site\/es\/wp-json\/wp\/v2\/types\/page"}],"author":[{"embeddable":true,"href":"https:\/\/www.totalproject.site\/es\/wp-json\/wp\/v2\/users\/1"}],"replies":[{"embeddable":true,"href":"https:\/\/www.totalproject.site\/es\/wp-json\/wp\/v2\/comments?post=285"}],"version-history":[{"count":31,"href":"https:\/\/www.totalproject.site\/es\/wp-json\/wp\/v2\/pages\/285\/revisions"}],"predecessor-version":[{"id":526,"href":"https:\/\/www.totalproject.site\/es\/wp-json\/wp\/v2\/pages\/285\/revisions\/526"}],"wp:attachment":[{"href":"https:\/\/www.totalproject.site\/es\/wp-json\/wp\/v2\/media?parent=285"}],"curies":[{"name":"wp","href":"https:\/\/api.w.org\/{rel}","templated":true}]}}