{"id":270,"date":"2024-04-02T10:04:43","date_gmt":"2024-04-02T10:04:43","guid":{"rendered":"https:\/\/www.totalproject.site\/?page_id=270"},"modified":"2024-06-11T10:25:00","modified_gmt":"2024-06-11T10:25:00","slug":"project-fowarder","status":"publish","type":"page","link":"https:\/\/www.totalproject.site\/es\/project-fowarder\/","title":{"rendered":"Promotor de proyectos"},"content":{"rendered":"<div data-elementor-type=\"wp-page\" data-elementor-id=\"270\" class=\"elementor elementor-270\" data-elementor-post-type=\"page\">\n\t\t\t\t<div class=\"elementor-element elementor-element-374bae8 e-con-full e-flex e-con e-parent\" data-id=\"374bae8\" data-element_type=\"container\" data-settings=\"{&quot;background_background&quot;:&quot;classic&quot;}\" data-core-v316-plus=\"true\">\n\t\t<div class=\"elementor-element elementor-element-a2a3255 e-con-full e-flex e-con e-child\" data-id=\"a2a3255\" data-element_type=\"container\" data-settings=\"{&quot;background_background&quot;:&quot;classic&quot;}\">\n\t\t<div class=\"elementor-element elementor-element-96507de e-con-full e-flex e-con e-child\" data-id=\"96507de\" data-element_type=\"container\" data-settings=\"{&quot;position&quot;:&quot;absolute&quot;}\">\n\t\t\t\t<div class=\"elementor-element elementor-element-5f0fea1 elementor-widget elementor-widget-text-editor\" data-id=\"5f0fea1\" data-element_type=\"widget\" data-widget_type=\"text-editor.default\">\n\t\t\t\t<div class=\"elementor-widget-container\">\n\t\t\t<style>\/*! elementor - v3.20.0 - 26-03-2024 *\/\n.elementor-widget-text-editor.elementor-drop-cap-view-stacked .elementor-drop-cap{background-color:#69727d;color:#fff}.elementor-widget-text-editor.elementor-drop-cap-view-framed .elementor-drop-cap{color:#69727d;border:3px solid;background-color:transparent}.elementor-widget-text-editor:not(.elementor-drop-cap-view-default) .elementor-drop-cap{margin-top:8px}.elementor-widget-text-editor:not(.elementor-drop-cap-view-default) .elementor-drop-cap-letter{width:1em;height:1em}.elementor-widget-text-editor .elementor-drop-cap{float:left;text-align:center;line-height:1;font-size:50px}.elementor-widget-text-editor .elementor-drop-cap-letter{display:inline-block}<\/style>\t\t\t\t<p>El trato profesional que necesitas para tu proyecto.<\/p>\t\t\t\t\t\t<\/div>\n\t\t\t\t<\/div>\n\t\t\t\t<\/div>\n\t\t\t\t<\/div>\n\t\t<div class=\"elementor-element elementor-element-098e1c9 e-flex e-con-boxed e-con e-child\" data-id=\"098e1c9\" data-element_type=\"container\" data-settings=\"{&quot;background_background&quot;:&quot;classic&quot;}\">\n\t\t\t\t\t<div class=\"e-con-inner\">\n\t\t<div class=\"elementor-element elementor-element-b4170df e-con-full e-flex e-con e-child\" data-id=\"b4170df\" data-element_type=\"container\">\n\t\t\t\t<div class=\"elementor-element elementor-element-11e3895 elementor-widget elementor-widget-image\" data-id=\"11e3895\" data-element_type=\"widget\" data-widget_type=\"image.default\">\n\t\t\t\t<div class=\"elementor-widget-container\">\n\t\t\t<style>\/*! elementor - v3.20.0 - 26-03-2024 *\/\n.elementor-widget-image{text-align:center}.elementor-widget-image a{display:inline-block}.elementor-widget-image a img[src$=\".svg\"]{width:48px}.elementor-widget-image img{vertical-align:middle;display:inline-block}<\/style>\t\t\t\t\t\t\t\t\t\t<img fetchpriority=\"high\" decoding=\"async\" width=\"800\" height=\"800\" src=\"https:\/\/www.totalproject.site\/wp-content\/uploads\/2024\/04\/mundoblancoiconos3.png\" class=\"attachment-large size-large wp-image-122\" alt=\"logistics solutions\" srcset=\"https:\/\/www.totalproject.site\/wp-content\/uploads\/2024\/04\/mundoblancoiconos3.png 800w, https:\/\/www.totalproject.site\/wp-content\/uploads\/2024\/04\/mundoblancoiconos3-300x300.png 300w, https:\/\/www.totalproject.site\/wp-content\/uploads\/2024\/04\/mundoblancoiconos3-150x150.png 150w, https:\/\/www.totalproject.site\/wp-content\/uploads\/2024\/04\/mundoblancoiconos3-768x768.png 768w\" sizes=\"(max-width: 800px) 100vw, 800px\" \/>\t\t\t\t\t\t\t\t\t\t\t\t\t<\/div>\n\t\t\t\t<\/div>\n\t\t\t\t<\/div>\n\t\t<div class=\"elementor-element elementor-element-34eed12 e-con-full e-flex e-con e-child\" data-id=\"34eed12\" data-element_type=\"container\">\n\t\t\t\t<div class=\"elementor-element elementor-element-b6eaad2 elementor-widget elementor-widget-heading\" data-id=\"b6eaad2\" data-element_type=\"widget\" data-widget_type=\"heading.default\">\n\t\t\t\t<div class=\"elementor-widget-container\">\n\t\t\t<style>\/*! elementor - v3.20.0 - 26-03-2024 *\/\n.elementor-heading-title{padding:0;margin:0;line-height:1}.elementor-widget-heading .elementor-heading-title[class*=elementor-size-]>a{color:inherit;font-size:inherit;line-height:inherit}.elementor-widget-heading .elementor-heading-title.elementor-size-small{font-size:15px}.elementor-widget-heading .elementor-heading-title.elementor-size-medium{font-size:19px}.elementor-widget-heading .elementor-heading-title.elementor-size-large{font-size:29px}.elementor-widget-heading .elementor-heading-title.elementor-size-xl{font-size:39px}.elementor-widget-heading .elementor-heading-title.elementor-size-xxl{font-size:59px}<\/style><h3 class=\"elementor-heading-title elementor-size-default\">Gestionando tus <strong>soluciones<\/strong>.<\/h3>\t\t<\/div>\n\t\t\t\t<\/div>\n\t\t\t\t<div class=\"elementor-element elementor-element-dfc8c2b elementor-widget elementor-widget-text-editor\" data-id=\"dfc8c2b\" data-element_type=\"widget\" data-widget_type=\"text-editor.default\">\n\t\t\t\t<div class=\"elementor-widget-container\">\n\t\t\t\t\t\t\t<p>Desde 1915, Project Forwarding es la actividad principal de nuestro grupo de empresas. Gracias a nuestra flexibilidad, fiabilidad, know-how, reputaci\u00f3n y experiencia, somos una de las empresas l\u00edderes en Espa\u00f1a para cuidar de tus proyectos.<\/p><p>\u00a0<\/p>\t\t\t\t\t\t<\/div>\n\t\t\t\t<\/div>\n\t\t\t\t<\/div>\n\t\t\t\t\t<\/div>\n\t\t\t\t<\/div>\n\t\t<div class=\"elementor-element elementor-element-2555ce1 e-con-full e-flex e-con e-child\" data-id=\"2555ce1\" data-element_type=\"container\" data-settings=\"{&quot;background_background&quot;:&quot;classic&quot;}\">\n\t\t<div class=\"elementor-element elementor-element-7db207f e-flex e-con-boxed e-con e-child\" data-id=\"7db207f\" data-element_type=\"container\">\n\t\t\t\t\t<div class=\"e-con-inner\">\n\t\t\t\t<div class=\"elementor-element elementor-element-8b88f1a elementor-widget elementor-widget-heading\" data-id=\"8b88f1a\" data-element_type=\"widget\" data-widget_type=\"heading.default\">\n\t\t\t\t<div class=\"elementor-widget-container\">\n\t\t\t<h2 class=\"elementor-heading-title elementor-size-default\"><strong>Equipo<\/strong> experto<\/h2>\t\t<\/div>\n\t\t\t\t<\/div>\n\t\t\t\t<div class=\"elementor-element elementor-element-8a419b5 elementor-widget elementor-widget-text-editor\" data-id=\"8a419b5\" data-element_type=\"widget\" data-widget_type=\"text-editor.default\">\n\t\t\t\t<div class=\"elementor-widget-container\">\n\t\t\t\t\t\t\t<p>Nuestro equipo profesional se encargar\u00e1 de todos sus requisitos para dise\u00f1ar el mejor patr\u00f3n log\u00edstico, planificando y controlando cada fase para obtener el perfecto desempe\u00f1o de su proyecto, incluyendo el env\u00edo del proyecto, servicios de carga general, transporte mar\u00edtimo y a\u00e9reo, despacho de aduanas, transporte terrestre, almacenamiento. , consultor\u00eda, etc.<\/p><p><a href=\"https:\/\/www.totalproject.site\/es\/\">M\u00e1s Informaci\u00f3n<\/a><\/p>\t\t\t\t\t\t<\/div>\n\t\t\t\t<\/div>\n\t\t\t\t\t<\/div>\n\t\t\t\t<\/div>\n\t\t\t\t<\/div>\n\t\t<div class=\"elementor-element elementor-element-7a84a18 e-con-full e-flex e-con e-child\" data-id=\"7a84a18\" data-element_type=\"container\" data-settings=\"{&quot;background_background&quot;:&quot;classic&quot;}\">\n\t\t<div class=\"elementor-element elementor-element-a7031fe e-flex e-con-boxed e-con e-child\" data-id=\"a7031fe\" data-element_type=\"container\">\n\t\t\t\t\t<div class=\"e-con-inner\">\n\t\t\t\t<div class=\"elementor-element elementor-element-2a4089e elementor-widget elementor-widget-heading\" data-id=\"2a4089e\" data-element_type=\"widget\" data-widget_type=\"heading.default\">\n\t\t\t\t<div class=\"elementor-widget-container\">\n\t\t\t<h2 class=\"elementor-heading-title elementor-size-default\">Equipo <b>promotor de proyectos <\/b>para soluciones log\u00edsticas complejas<\/h2>\t\t<\/div>\n\t\t\t\t<\/div>\n\t\t\t\t<div class=\"elementor-element elementor-element-8f95440 elementor-widget elementor-widget-text-editor\" data-id=\"8f95440\" data-element_type=\"widget\" data-widget_type=\"text-editor.default\">\n\t\t\t\t<div class=\"elementor-widget-container\">\n\t\t\t\t\t\t\t<div class=\"flex-shrink-0 flex flex-col relative items-end\"><div class=\"pt-0.5 juice:pt-0\"><div class=\"gizmo-bot-avatar flex h-6 w-6 items-center justify-center overflow-hidden rounded-full juice:h-8 juice:w-8\"><div class=\"relative p-1 rounded-sm flex items-center justify-center bg-token-main-surface-primary text-token-text-primary h-8 w-8\"><p>Aportamos soluciones log\u00edsticas creativas como promotor de proyectos, avalados por nuestro amplio conocimiento y experiencia en todos los sectores:<\/p><p>- Gas de petr\u00f3leo<br \/>- Energ\u00eda<br \/>\u2013 Renovables<br \/>- Ingenier\u00eda civil<br \/>- Miner\u00eda<br \/>\u2013 Proyectos Industriales<br \/>\u2013 Industria offshore<\/p><p>Como promotor de proyectos especializado, manejamos proyectos complejos y de gran escala con precisi\u00f3n y cuidado. Nuestro equipo de expertos garantiza una perfecta coordinaci\u00f3n y ejecuci\u00f3n de operaciones log\u00edsticas, adaptadas para satisfacer los requisitos \u00fanicos de cada sector. Con nuestro conocimiento integral de los desaf\u00edos espec\u00edficos de la industria, ofrecemos soluciones personalizadas que mejoran la eficiencia y la confiabilidad. Ya sea transportando maquinaria pesada, gestionando cadenas de suministro o cumpliendo con requisitos regulatorios, nuestros servicios de env\u00edo de proyectos est\u00e1n dise\u00f1ados para ofrecer resultados excepcionales a nuestros clientes.<\/p><\/div><\/div><\/div><\/div><p>Conoce nuestra <a href=\"https:\/\/www.totallogistic.es\/\">sitio web principal.<\/a><\/p>\t\t\t\t\t\t<\/div>\n\t\t\t\t<\/div>\n\t\t\t\t\t<\/div>\n\t\t\t\t<\/div>\n\t\t\t\t<\/div>\n\t\t<div class=\"elementor-element elementor-element-fb0e26e e-con-full e-flex e-con e-child\" data-id=\"fb0e26e\" data-element_type=\"container\" data-settings=\"{&quot;background_background&quot;:&quot;classic&quot;}\">\n\t\t<div class=\"elementor-element elementor-element-4b71495 e-flex e-con-boxed e-con e-child\" data-id=\"4b71495\" data-element_type=\"container\">\n\t\t\t\t\t<div class=\"e-con-inner\">\n\t\t\t\t<div class=\"elementor-element elementor-element-6284eba elementor-widget elementor-widget-heading\" data-id=\"6284eba\" data-element_type=\"widget\" data-widget_type=\"heading.default\">\n\t\t\t\t<div class=\"elementor-widget-container\">\n\t\t\t<h3 class=\"elementor-heading-title elementor-size-default\">Servicio completo.\n<\/h3>\t\t<\/div>\n\t\t\t\t<\/div>\n\t\t\t\t<div class=\"elementor-element elementor-element-9e5541f elementor-widget elementor-widget-text-editor\" data-id=\"9e5541f\" data-element_type=\"widget\" data-widget_type=\"text-editor.default\">\n\t\t\t\t<div class=\"elementor-widget-container\">\n\t\t\t\t\t\t\t<p>- Carga mar\u00edtima<br \/>\u2013 Transporte A\u00e9reo<br \/>\u2013 Transporte por carretera<br \/>- Transporte ferroviario de mercanc\u00edas<br \/>- Corretaje de aduanas<br \/>\u2013 Soluci\u00f3n de almacenamiento y almacenamiento<\/p>\t\t\t\t\t\t<\/div>\n\t\t\t\t<\/div>\n\t\t\t\t\t<\/div>\n\t\t\t\t<\/div>\n\t\t\t\t<\/div>\n\t\t\t\t<\/div>\n\t\t\t\t<\/div>","protected":false},"excerpt":{"rendered":"<p>The professional handling you need for your project. Managing your solutions. Since 1915 the Project Forwarding is the core business of our group of companies. Thanks to our flexibility, reliability, know-how, reputation and experience, we are one of the leading companies in Spain to take care of your projects. \u00a0 Expert team. Our professional team [&hellip;]<\/p>","protected":false},"author":1,"featured_media":0,"parent":0,"menu_order":0,"comment_status":"closed","ping_status":"closed","template":"elementor_header_footer","meta":{"footnotes":""},"class_list":["post-270","page","type-page","status-publish","hentry"],"yoast_head":"<!-- This site is optimized with the Yoast SEO plugin v22.8 - https:\/\/yoast.com\/wordpress\/plugins\/seo\/ -->\n<title>Project Fowarder - Total Project<\/title>\n<meta name=\"description\" content=\"Project Forwarder by Total Logistic Services offers efficient logistics solutions for industries like Oil &amp; Gas, Energy.\" \/>\n<meta name=\"robots\" content=\"index, follow, max-snippet:-1, max-image-preview:large, max-video-preview:-1\" \/>\n<link rel=\"canonical\" href=\"https:\/\/www.totalproject.site\/es\/project-fowarder\/\" \/>\n<meta property=\"og:locale\" content=\"es_ES\" \/>\n<meta property=\"og:type\" content=\"article\" \/>\n<meta property=\"og:title\" content=\"Project Fowarder - Total Project\" \/>\n<meta property=\"og:description\" content=\"Project Forwarder by Total Logistic Services offers efficient logistics solutions for industries like Oil &amp; Gas, Energy.\" \/>\n<meta property=\"og:url\" content=\"https:\/\/www.totalproject.site\/es\/project-fowarder\/\" \/>\n<meta property=\"og:site_name\" content=\"Total Project\" \/>\n<meta property=\"article:modified_time\" content=\"2024-06-11T10:25:00+00:00\" \/>\n<meta property=\"og:image\" content=\"https:\/\/www.totalproject.site\/wp-content\/uploads\/2024\/04\/mundoblancoiconos3.png\" \/>\n<meta name=\"twitter:card\" content=\"summary_large_image\" \/>\n<meta name=\"twitter:label1\" content=\"Tiempo de lectura\" \/>\n\t<meta name=\"twitter:data1\" content=\"2 minutos\" \/>\n<script type=\"application\/ld+json\" class=\"yoast-schema-graph\">{\"@context\":\"https:\/\/schema.org\",\"@graph\":[{\"@type\":\"WebPage\",\"@id\":\"https:\/\/www.totalproject.site\/project-fowarder\/\",\"url\":\"https:\/\/www.totalproject.site\/project-fowarder\/\",\"name\":\"Project Fowarder - Total Project\",\"isPartOf\":{\"@id\":\"https:\/\/www.totalproject.site\/#website\"},\"primaryImageOfPage\":{\"@id\":\"https:\/\/www.totalproject.site\/project-fowarder\/#primaryimage\"},\"image\":{\"@id\":\"https:\/\/www.totalproject.site\/project-fowarder\/#primaryimage\"},\"thumbnailUrl\":\"https:\/\/www.totalproject.site\/wp-content\/uploads\/2024\/04\/mundoblancoiconos3.png\",\"datePublished\":\"2024-04-02T10:04:43+00:00\",\"dateModified\":\"2024-06-11T10:25:00+00:00\",\"description\":\"Project Forwarder by Total Logistic Services offers efficient logistics solutions for industries like Oil & Gas, Energy.\",\"breadcrumb\":{\"@id\":\"https:\/\/www.totalproject.site\/project-fowarder\/#breadcrumb\"},\"inLanguage\":\"es\",\"potentialAction\":[{\"@type\":\"ReadAction\",\"target\":[\"https:\/\/www.totalproject.site\/project-fowarder\/\"]}]},{\"@type\":\"ImageObject\",\"inLanguage\":\"es\",\"@id\":\"https:\/\/www.totalproject.site\/project-fowarder\/#primaryimage\",\"url\":\"https:\/\/www.totalproject.site\/wp-content\/uploads\/2024\/04\/mundoblancoiconos3.png\",\"contentUrl\":\"https:\/\/www.totalproject.site\/wp-content\/uploads\/2024\/04\/mundoblancoiconos3.png\"},{\"@type\":\"BreadcrumbList\",\"@id\":\"https:\/\/www.totalproject.site\/project-fowarder\/#breadcrumb\",\"itemListElement\":[{\"@type\":\"ListItem\",\"position\":1,\"name\":\"Portada\",\"item\":\"https:\/\/www.totalproject.site\/\"},{\"@type\":\"ListItem\",\"position\":2,\"name\":\"Project Fowarder\"}]},{\"@type\":\"WebSite\",\"@id\":\"https:\/\/www.totalproject.site\/#website\",\"url\":\"https:\/\/www.totalproject.site\/\",\"name\":\"Total Project\",\"description\":\"\",\"publisher\":{\"@id\":\"https:\/\/www.totalproject.site\/#organization\"},\"potentialAction\":[{\"@type\":\"SearchAction\",\"target\":{\"@type\":\"EntryPoint\",\"urlTemplate\":\"https:\/\/www.totalproject.site\/?s={search_term_string}\"},\"query-input\":\"required name=search_term_string\"}],\"inLanguage\":\"es\"},{\"@type\":\"Organization\",\"@id\":\"https:\/\/www.totalproject.site\/#organization\",\"name\":\"Total Project\",\"url\":\"https:\/\/www.totalproject.site\/\",\"logo\":{\"@type\":\"ImageObject\",\"inLanguage\":\"es\",\"@id\":\"https:\/\/www.totalproject.site\/#\/schema\/logo\/image\/\",\"url\":\"https:\/\/www.totalproject.site\/wp-content\/uploads\/2024\/04\/totalproject_cabecera_color.png\",\"contentUrl\":\"https:\/\/www.totalproject.site\/wp-content\/uploads\/2024\/04\/totalproject_cabecera_color.png\",\"width\":340,\"height\":156,\"caption\":\"Total Project\"},\"image\":{\"@id\":\"https:\/\/www.totalproject.site\/#\/schema\/logo\/image\/\"}}]}<\/script>\n<!-- \/ Yoast SEO plugin. -->","yoast_head_json":{"title":"Project Fowarder - Total Project","description":"Project Forwarder by Total Logistic Services offers efficient logistics solutions for industries like Oil & Gas, Energy.","robots":{"index":"index","follow":"follow","max-snippet":"max-snippet:-1","max-image-preview":"max-image-preview:large","max-video-preview":"max-video-preview:-1"},"canonical":"https:\/\/www.totalproject.site\/es\/project-fowarder\/","og_locale":"es_ES","og_type":"article","og_title":"Project Fowarder - Total Project","og_description":"Project Forwarder by Total Logistic Services offers efficient logistics solutions for industries like Oil & Gas, Energy.","og_url":"https:\/\/www.totalproject.site\/es\/project-fowarder\/","og_site_name":"Total Project","article_modified_time":"2024-06-11T10:25:00+00:00","og_image":[{"url":"https:\/\/www.totalproject.site\/wp-content\/uploads\/2024\/04\/mundoblancoiconos3.png"}],"twitter_card":"summary_large_image","twitter_misc":{"Tiempo de lectura":"2 minutos"},"schema":{"@context":"https:\/\/schema.org","@graph":[{"@type":"WebPage","@id":"https:\/\/www.totalproject.site\/project-fowarder\/","url":"https:\/\/www.totalproject.site\/project-fowarder\/","name":"Project Fowarder - Total Project","isPartOf":{"@id":"https:\/\/www.totalproject.site\/#website"},"primaryImageOfPage":{"@id":"https:\/\/www.totalproject.site\/project-fowarder\/#primaryimage"},"image":{"@id":"https:\/\/www.totalproject.site\/project-fowarder\/#primaryimage"},"thumbnailUrl":"https:\/\/www.totalproject.site\/wp-content\/uploads\/2024\/04\/mundoblancoiconos3.png","datePublished":"2024-04-02T10:04:43+00:00","dateModified":"2024-06-11T10:25:00+00:00","description":"Project Forwarder by Total Logistic Services offers efficient logistics solutions for industries like Oil & Gas, Energy.","breadcrumb":{"@id":"https:\/\/www.totalproject.site\/project-fowarder\/#breadcrumb"},"inLanguage":"es","potentialAction":[{"@type":"ReadAction","target":["https:\/\/www.totalproject.site\/project-fowarder\/"]}]},{"@type":"ImageObject","inLanguage":"es","@id":"https:\/\/www.totalproject.site\/project-fowarder\/#primaryimage","url":"https:\/\/www.totalproject.site\/wp-content\/uploads\/2024\/04\/mundoblancoiconos3.png","contentUrl":"https:\/\/www.totalproject.site\/wp-content\/uploads\/2024\/04\/mundoblancoiconos3.png"},{"@type":"BreadcrumbList","@id":"https:\/\/www.totalproject.site\/project-fowarder\/#breadcrumb","itemListElement":[{"@type":"ListItem","position":1,"name":"Portada","item":"https:\/\/www.totalproject.site\/"},{"@type":"ListItem","position":2,"name":"Project Fowarder"}]},{"@type":"WebSite","@id":"https:\/\/www.totalproject.site\/#website","url":"https:\/\/www.totalproject.site\/","name":"Total Project","description":"","publisher":{"@id":"https:\/\/www.totalproject.site\/#organization"},"potentialAction":[{"@type":"SearchAction","target":{"@type":"EntryPoint","urlTemplate":"https:\/\/www.totalproject.site\/?s={search_term_string}"},"query-input":"required name=search_term_string"}],"inLanguage":"es"},{"@type":"Organization","@id":"https:\/\/www.totalproject.site\/#organization","name":"Total Project","url":"https:\/\/www.totalproject.site\/","logo":{"@type":"ImageObject","inLanguage":"es","@id":"https:\/\/www.totalproject.site\/#\/schema\/logo\/image\/","url":"https:\/\/www.totalproject.site\/wp-content\/uploads\/2024\/04\/totalproject_cabecera_color.png","contentUrl":"https:\/\/www.totalproject.site\/wp-content\/uploads\/2024\/04\/totalproject_cabecera_color.png","width":340,"height":156,"caption":"Total Project"},"image":{"@id":"https:\/\/www.totalproject.site\/#\/schema\/logo\/image\/"}}]}},"_links":{"self":[{"href":"https:\/\/www.totalproject.site\/es\/wp-json\/wp\/v2\/pages\/270","targetHints":{"allow":["GET"]}}],"collection":[{"href":"https:\/\/www.totalproject.site\/es\/wp-json\/wp\/v2\/pages"}],"about":[{"href":"https:\/\/www.totalproject.site\/es\/wp-json\/wp\/v2\/types\/page"}],"author":[{"embeddable":true,"href":"https:\/\/www.totalproject.site\/es\/wp-json\/wp\/v2\/users\/1"}],"replies":[{"embeddable":true,"href":"https:\/\/www.totalproject.site\/es\/wp-json\/wp\/v2\/comments?post=270"}],"version-history":[{"count":31,"href":"https:\/\/www.totalproject.site\/es\/wp-json\/wp\/v2\/pages\/270\/revisions"}],"predecessor-version":[{"id":539,"href":"https:\/\/www.totalproject.site\/es\/wp-json\/wp\/v2\/pages\/270\/revisions\/539"}],"wp:attachment":[{"href":"https:\/\/www.totalproject.site\/es\/wp-json\/wp\/v2\/media?parent=270"}],"curies":[{"name":"wp","href":"https:\/\/api.w.org\/{rel}","templated":true}]}}